{"id":1628,"date":"2017-12-12T15:15:18","date_gmt":"2017-12-12T15:15:18","guid":{"rendered":"http:\/\/www.mqeurope.com\/?page_id=1628"},"modified":"2024-05-30T11:28:51","modified_gmt":"2024-05-30T11:28:51","slug":"contact","status":"publish","type":"page","link":"https:\/\/www.mqeurope.com\/fr\/contact\/","title":{"rendered":"Contactez Nous"},"content":{"rendered":"\n<!-- <link href=\"https:\/\/d1gwclp1pmzk26.cloudfront.net\/agile\/forms\/v1\/agile-form.min.css\" rel=\"stylesheet\"> -->\n\n<link href=\"https:\/\/doxhze3l6s7v9.cloudfront.net\/app\/static\/agile\/forms\/agile-form.min.css\" rel=\"stylesheet\">\n<form class=\"form-view theme5\" id=\"agile-form\" action=\"https:\/\/mqeurope.agilecrm.com\/formsubmit\" style=\"max-width:100%;\" method=\"GET\">\n<fieldset>\n\n<!-- Form Name -->\n<legend>Contactez Nous<\/legend>\n<p class=\"agile-form-description\">Nous vous contacterons dans les plus brefs d\u00e9lais<\/p>\n<div style=\"display: none; height: 0px; width: 0px;\">\n<input type=\"hidden\" id=\"_agile_form_name\" name=\"_agile_form_name\" value=\"Contactez Nous\">\n<input type=\"hidden\" id=\"_agile_domain\" name=\"_agile_domain\" value=\"mqeurope\">\n<input type=\"hidden\" id=\"_agile_api\" name=\"_agile_api\" value=\"skgi0a6ugib4aa8sfrb9j09juq\">\n<input type=\"hidden\" id=\"_agile_redirect_url\" name=\"_agile_redirect_url\" value=\"http:\/\/mqeurope.com\/fr\/sent\/\">\n<input type=\"hidden\" id=\"_agile_document_url\" name=\"_agile_document_url\" value=\"\">\n<input type=\"hidden\" id=\"_agile_confirmation_msg\" name=\"_agile_confirmation_msg\" value=\"\">\n<input type=\"hidden\" id=\"_agile_form_id_tags\" name=\"tags\" value=\"webMQfr\">\n\n     <input type=\"hidden\" id=\"_agile_form_id\" name=\"_agile_form_id\" value=\"5169291263672320\">\n<\/div>\n<!-- Text input-->\n<div class=\"agile-group required-control\">\n  <label class=\"agile-label\" for=\"agilefield-1\">Nom<span class=\"agile-span-asterisk\"> *<\/span><\/label>\n  <div class=\"agile-field-xlarge agile-field\">\n  <input maxlength=\"250\" id=\"agilefield-1\" name=\"first_name\" type=\"text\" placeholder=\"Nom\" class=\"agile-height-default\" required=\"\">\n  <\/div>\n  <div class=\"agile-custom-clear\"><\/div>\n<\/div>\n<!-- Text input-->\n<div class=\"agile-group required-control\">\n  <label class=\"agile-label\" for=\"agilefield-5\">T\u00e9l\u00e9phone<span class=\"agile-span-asterisk\"> *<\/span><\/label>\n  <div class=\"agile-field-xlarge agile-field\">\n  <input maxlength=\"250\" id=\"agilefield-5\" name=\"phone\" type=\"text\" placeholder=\"T\u00e9l\u00e9phone\" class=\"agile-height-default\" required=\"\">\n  <\/div>\n  <div class=\"agile-custom-clear\"><\/div>\n<\/div>\n<!-- Text input-->\n<div class=\"agile-group required-control\">\n  <label class=\"agile-label\" for=\"agilefield-2\">E-Mail<span class=\"agile-span-asterisk\"> *<\/span><\/label>\n  <div class=\"agile-field-xlarge agile-field\">\n  <input maxlength=\"250\" id=\"agilefield-2\" name=\"email\" type=\"email\" placeholder=\"E-Mail\" class=\"agile-height-default\" required=\"\">\n  <\/div>\n  <div class=\"agile-custom-clear\"><\/div>\n<\/div>\n<!-- Textarea -->\n<div class=\"agile-group\">\n  <label class=\"agile-label\" for=\"agilefield-4\">Question<\/label>\n  <div class=\"agile-field-xlarge agile-field\">\n    <textarea maxlength=\"250\" id=\"agilefield-4\" name=\"note\" placeholder=\"Pose tes questions\" class=\"agile-height-default\"><\/textarea>\n  <\/div>\n  <div class=\"agile-custom-clear\"><\/div>\n<\/div>\n\n<!-- Multiple Checkboxes -->\n<div class=\"agile-group agile-form-inlinecheckboxes\">\n  <label class=\"agile-label\" for=\"multiple_checkboxes_1712764715355\">D\u00e9finissez vos int\u00e9r\u00eats<\/label>\n  <div class=\"agile-field agile-field-xlarge agile-height-default\">\n    <div>\n    <label for=\"multiple_checkboxes_1712764715355-0\" class=\"i-checks\">\n      <input type=\"checkbox\" name=\"tags\" id=\"multiple_checkboxes_1712764715355-0\" value=\"Imprimantes LED UV\"><i><\/i>\n      Imprimantes LED UV\n    <\/label>\n    <\/div>\n    \n    <div>\n    <label for=\"multiple_checkboxes_1712764715355-1\" class=\"i-checks\">\n      <input type=\"checkbox\" name=\"tags\" id=\"multiple_checkboxes_1712764715355-1\" value=\"Imprimantes textiles DTF\"><i><\/i>\n      Imprimantes textiles DTF\n    <\/label>\n    <\/div>\n    \n    <div>\n    <label for=\"multiple_checkboxes_1712764715355-2\" class=\"i-checks\">\n      <input type=\"checkbox\" name=\"tags\" id=\"multiple_checkboxes_1712764715355-2\" value=\"D\u00e9coupeurs laser CO2\"><i><\/i>\n      D\u00e9coupeurs laser CO2\n    <\/label>\n    <\/div>\n    \n    <div>\n    <label for=\"multiple_checkboxes_1712764715355-3\" class=\"i-checks\">\n      <input type=\"checkbox\" name=\"tags\" id=\"multiple_checkboxes_1712764715355-3\" value=\"Graveurs laser \u00e0 fibre\"><i><\/i>\n      Graveurs laser \u00e0 fibre\n    <\/label>\n    <\/div>\n    \n  <\/div>\n<\/div>\n\n\n<div class=\"agile-group\">\n<p class=\"agile-text-element\" style=\"text-align:left ;font-size:14px \">J&#8217;accepte de recevoir des appels t\u00e9l\u00e9phoniques ou des courriels commerciaux et le\n<a href=\"https:\/\/mqeurope.com\/privacybeleid\/\">Politique de confidentialit\u00e9<\/a>\nde mqeurope.com (MQEurope BVBA SL)*<\/p>\n<\/div>\n\n\n<!-- Multiple Checkboxes (inline) -->\n<div class=\"agile-group agile-form-multicheckboxes\">\n  <label class=\"agile-label\" for=\"inline_checkboxes_1712765468906\">Accepter<span class=\"agile-span-asterisk\"> *<\/span><\/label>\n  <div class=\"agile-field agile-field-xlarge agile-height-default\">\n    <label for=\"inline_checkboxes_1712765468906-0\" class=\"i-checks\">\n      <input type=\"checkbox\" name=\"tags\" id=\"inline_checkboxes_1712765468906-0\" value=\"J'accepte la politique de confidentialit\u00e9\"><i><\/i>\n      J&#8217;accepte la politique de confidentialit\u00e9\n    <\/label>\n  <\/div>\n<\/div>\n\n <!--recaptcha aglignment--><div class=\"agile-group\"><label class=\"agile-label\"><\/label><div class=\"agile-field-xlarge agile-field\"><div class=\"g-recaptcha\" style=\"transform:scale(0.91);-webkit-transform:scale(0.91);transform-origin:0 0;-webkit-transform-origin:0 0; width='304px';\" data-sitekey=\"6LccTE4fAAAAAOzI7O0P8NUR9RJ2PXEHjoLdcBot\" data-callback=\"agileGCaptchaOnSuccess\"><\/div><\/div><\/div>\n<!-- Button -->\n<div class=\"agile-group\">\n  <label class=\"agile-label\">&nbsp;<\/label>\n  <div class=\"agile-field agile-button-field\">\n    <button type=\"submit\" class=\"agile-button\">Envoyer<\/button>\n    <br><span id=\"agile-error-msg\"><\/span>\n  <\/div>\n<\/div>\n\n<\/fieldset>\n<\/form><script id=\"gRecaptchaSrc\" src=\"https:\/\/www.google.com\/recaptcha\/api.js\"><\/script>\n<script type=\"text\/javascript\">\n(function(a){var b=a.onload,p=true;isCaptcha=true;if(p){a.onload=\"function\"!=typeof b?function(){try{_agile_load_form_fields()}catch(a){}}:function(){b();try{_agile_load_form_fields()}catch(a){}}};var formLen=document.forms.length;for(i=0;i<formLen;i++){if(document.forms.item(i).getAttribute(\"id\")== \"agile-form\"){a.document.forms.item(i).onsubmit=function(a){a.preventDefault();try{_agile_synch_form_v5(this)}catch(b){this.submit()}}}}})(window);\n<\/script>\n\n\n\n<h2 class=\"wp-block-heading\">MQ Europe, bvba<\/h2>\n\n\n\n<p>Arnould Nobelstraat 30, 0405<br>3000 Leuven<br>Tel.:+31 308080273<br>+32 89680168<br>Email: sales@mqeurope.com<\/p>\n","protected":false},"excerpt":{"rendered":"<p>Contactez Nous Nous vous contacterons dans les plus brefs d\u00e9lais Nom * T\u00e9l\u00e9phone * E-Mail * Question D\u00e9finissez vos int\u00e9r\u00eats Imprimantes LED UV Imprimantes textiles DTF D\u00e9coupeurs laser CO2 Graveurs laser \u00e0 fibre J&#8217;accepte de recevoir des appels t\u00e9l\u00e9phoniques ou<\/p>\n","protected":false},"author":1,"featured_media":0,"parent":0,"menu_order":0,"comment_status":"closed","ping_status":"closed","template":"","meta":{"_joinchat":[],"footnotes":""},"class_list":["post-1628","page","type-page","status-publish","hentry"],"translation":{"provider":"WPGlobus","version":"3.0.2","language":"fr","enabled_languages":["en","nl","fr"],"languages":{"en":{"title":true,"content":true,"excerpt":false},"nl":{"title":true,"content":true,"excerpt":false},"fr":{"title":true,"content":true,"excerpt":false}}},"yoast_head":"<!-- This site is optimized with the Yoast SEO plugin v26.9 - https:\/\/yoast.com\/product\/yoast-seo-wordpress\/ -->\n<title>Contactez Nous - MQ Europe<\/title>\n<meta name=\"robots\" content=\"index, follow, max-snippet:-1, max-image-preview:large, max-video-preview:-1\" \/>\n<link rel=\"canonical\" href=\"https:\/\/www.mqeurope.com\/contact\/\" \/>\n<meta property=\"og:locale\" content=\"fr_FR\" \/>\n<meta property=\"og:type\" content=\"article\" \/>\n<meta property=\"og:title\" content=\"Contactez Nous - MQ Europe\" \/>\n<meta property=\"og:url\" content=\"https:\/\/www.mqeurope.com\/contact\/\" \/>\n<meta property=\"og:site_name\" content=\"MQ Europe\" \/>\n<meta property=\"article:modified_time\" content=\"2024-05-30T11:28:51+00:00\" \/>\n<meta name=\"twitter:card\" content=\"summary_large_image\" \/>\n<meta name=\"twitter:label1\" content=\"Est. reading time\" \/>\n\t<meta name=\"twitter:data1\" content=\"1 minute\" \/>\n<script type=\"application\/ld+json\" class=\"yoast-schema-graph\">{\"@context\":\"https:\/\/schema.org\",\"@graph\":[{\"@type\":\"WebPage\",\"@id\":\"https:\/\/www.mqeurope.com\/contact\/\",\"url\":\"https:\/\/www.mqeurope.com\/contact\/\",\"name\":\"Contactez Nous - MQ Europe\",\"isPartOf\":{\"@id\":\"https:\/\/www.mqeurope.com\/#website\"},\"datePublished\":\"2017-12-12T15:15:18+00:00\",\"dateModified\":\"2024-05-30T11:28:51+00:00\",\"breadcrumb\":{\"@id\":\"https:\/\/www.mqeurope.com\/contact\/#breadcrumb\"},\"inLanguage\":\"fr-FR\",\"potentialAction\":[{\"@type\":\"ReadAction\",\"target\":[\"https:\/\/www.mqeurope.com\/contact\/\"]}]},{\"@type\":\"BreadcrumbList\",\"@id\":\"https:\/\/www.mqeurope.com\/contact\/#breadcrumb\",\"itemListElement\":[{\"@type\":\"ListItem\",\"position\":1,\"name\":\"Home\",\"item\":\"https:\/\/www.mqeurope.com\/\"},{\"@type\":\"ListItem\",\"position\":2,\"name\":\"Contact\"}]},{\"@type\":\"WebSite\",\"@id\":\"https:\/\/www.mqeurope.com\/#website\",\"url\":\"https:\/\/www.mqeurope.com\/\",\"name\":\"MQ Europe\",\"description\":\"\",\"publisher\":{\"@id\":\"https:\/\/www.mqeurope.com\/#organization\"},\"potentialAction\":[{\"@type\":\"SearchAction\",\"target\":{\"@type\":\"EntryPoint\",\"urlTemplate\":\"https:\/\/www.mqeurope.com\/?s={search_term_string}\"},\"query-input\":{\"@type\":\"PropertyValueSpecification\",\"valueRequired\":true,\"valueName\":\"search_term_string\"}}],\"inLanguage\":\"fr-FR\"},{\"@type\":\"Organization\",\"@id\":\"https:\/\/www.mqeurope.com\/#organization\",\"name\":\"MQ Europe\",\"url\":\"https:\/\/www.mqeurope.com\/\",\"logo\":{\"@type\":\"ImageObject\",\"inLanguage\":\"fr-FR\",\"@id\":\"https:\/\/www.mqeurope.com\/#\/schema\/logo\/image\/\",\"url\":\"https:\/\/www.mqeurope.com\/wp-content\/uploads\/2016\/02\/cropped-copy-logob.png\",\"contentUrl\":\"https:\/\/www.mqeurope.com\/wp-content\/uploads\/2016\/02\/cropped-copy-logob.png\",\"width\":325,\"height\":100,\"caption\":\"MQ Europe\"},\"image\":{\"@id\":\"https:\/\/www.mqeurope.com\/#\/schema\/logo\/image\/\"}}]}<\/script>\n<!-- \/ Yoast SEO plugin. -->","yoast_head_json":{"title":"Contactez Nous - MQ Europe","robots":{"index":"index","follow":"follow","max-snippet":"max-snippet:-1","max-image-preview":"max-image-preview:large","max-video-preview":"max-video-preview:-1"},"canonical":"https:\/\/www.mqeurope.com\/contact\/","og_locale":"fr_FR","og_type":"article","og_title":"Contactez Nous - MQ Europe","og_url":"https:\/\/www.mqeurope.com\/contact\/","og_site_name":"MQ Europe","article_modified_time":"2024-05-30T11:28:51+00:00","twitter_card":"summary_large_image","twitter_misc":{"Est. reading time":"1 minute"},"schema":{"@context":"https:\/\/schema.org","@graph":[{"@type":"WebPage","@id":"https:\/\/www.mqeurope.com\/contact\/","url":"https:\/\/www.mqeurope.com\/contact\/","name":"Contactez Nous - MQ Europe","isPartOf":{"@id":"https:\/\/www.mqeurope.com\/#website"},"datePublished":"2017-12-12T15:15:18+00:00","dateModified":"2024-05-30T11:28:51+00:00","breadcrumb":{"@id":"https:\/\/www.mqeurope.com\/contact\/#breadcrumb"},"inLanguage":"fr-FR","potentialAction":[{"@type":"ReadAction","target":["https:\/\/www.mqeurope.com\/contact\/"]}]},{"@type":"BreadcrumbList","@id":"https:\/\/www.mqeurope.com\/contact\/#breadcrumb","itemListElement":[{"@type":"ListItem","position":1,"name":"Home","item":"https:\/\/www.mqeurope.com\/"},{"@type":"ListItem","position":2,"name":"Contact"}]},{"@type":"WebSite","@id":"https:\/\/www.mqeurope.com\/#website","url":"https:\/\/www.mqeurope.com\/","name":"MQ Europe","description":"","publisher":{"@id":"https:\/\/www.mqeurope.com\/#organization"},"potentialAction":[{"@type":"SearchAction","target":{"@type":"EntryPoint","urlTemplate":"https:\/\/www.mqeurope.com\/?s={search_term_string}"},"query-input":{"@type":"PropertyValueSpecification","valueRequired":true,"valueName":"search_term_string"}}],"inLanguage":"fr-FR"},{"@type":"Organization","@id":"https:\/\/www.mqeurope.com\/#organization","name":"MQ Europe","url":"https:\/\/www.mqeurope.com\/","logo":{"@type":"ImageObject","inLanguage":"fr-FR","@id":"https:\/\/www.mqeurope.com\/#\/schema\/logo\/image\/","url":"https:\/\/www.mqeurope.com\/wp-content\/uploads\/2016\/02\/cropped-copy-logob.png","contentUrl":"https:\/\/www.mqeurope.com\/wp-content\/uploads\/2016\/02\/cropped-copy-logob.png","width":325,"height":100,"caption":"MQ Europe"},"image":{"@id":"https:\/\/www.mqeurope.com\/#\/schema\/logo\/image\/"}}]}},"_links":{"self":[{"href":"https:\/\/www.mqeurope.com\/fr\/wp-json\/wp\/v2\/pages\/1628","targetHints":{"allow":["GET"]}}],"collection":[{"href":"https:\/\/www.mqeurope.com\/fr\/wp-json\/wp\/v2\/pages"}],"about":[{"href":"https:\/\/www.mqeurope.com\/fr\/wp-json\/wp\/v2\/types\/page"}],"author":[{"embeddable":true,"href":"https:\/\/www.mqeurope.com\/fr\/wp-json\/wp\/v2\/users\/1"}],"replies":[{"embeddable":true,"href":"https:\/\/www.mqeurope.com\/fr\/wp-json\/wp\/v2\/comments?post=1628"}],"version-history":[{"count":14,"href":"https:\/\/www.mqeurope.com\/fr\/wp-json\/wp\/v2\/pages\/1628\/revisions"}],"predecessor-version":[{"id":2087,"href":"https:\/\/www.mqeurope.com\/fr\/wp-json\/wp\/v2\/pages\/1628\/revisions\/2087"}],"wp:attachment":[{"href":"https:\/\/www.mqeurope.com\/fr\/wp-json\/wp\/v2\/media?parent=1628"}],"curies":[{"name":"wp","href":"https:\/\/api.w.org\/{rel}","templated":true}]}}