{"id":2031,"date":"2021-05-18T15:03:13","date_gmt":"2021-05-18T15:03:13","guid":{"rendered":"https:\/\/www.mqeurope.com\/?page_id=2031"},"modified":"2021-05-18T15:10:53","modified_gmt":"2021-05-18T15:10:53","slug":"cd-dvd-bluray-usb-flash-duplication-and-printing","status":"publish","type":"page","link":"https:\/\/www.mqeurope.com\/fr\/cd-dvd-bluray-usb-flash-duplication-and-printing\/","title":{"rendered":"CD, DVD; BluRay, USB, Flash Duplication and Printing"},"content":{"rendered":"\n<figure class=\"wp-block-image size-large is-resized\"><img loading=\"lazy\" decoding=\"async\" src=\"https:\/\/www.mqeurope.com\/wp-content\/uploads\/2017\/11\/cddvdbluraybb-1024x768.jpg\" alt=\"\" class=\"wp-image-829\" width=\"768\" height=\"576\" srcset=\"https:\/\/www.mqeurope.com\/wp-content\/uploads\/2017\/11\/cddvdbluraybb-1024x768.jpg 1024w, https:\/\/www.mqeurope.com\/wp-content\/uploads\/2017\/11\/cddvdbluraybb-600x450.jpg 600w, https:\/\/www.mqeurope.com\/wp-content\/uploads\/2017\/11\/cddvdbluraybb-150x113.jpg 150w, https:\/\/www.mqeurope.com\/wp-content\/uploads\/2017\/11\/cddvdbluraybb-300x225.jpg 300w, https:\/\/www.mqeurope.com\/wp-content\/uploads\/2017\/11\/cddvdbluraybb-768x576.jpg 768w, https:\/\/www.mqeurope.com\/wp-content\/uploads\/2017\/11\/cddvdbluraybb.jpg 1512w\" sizes=\"auto, (max-width: 768px) 100vw, 768px\" \/><\/figure>\n\n\n\n<h4 class=\"wp-block-heading\">MQEurope est sp\u00e9cialis\u00e9e dans les \u00e9quipements et les consommables pour la duplication des m\u00e9dias depuis 2006.<\/h4>\n\n\n\n<h4 class=\"wp-block-heading\">Nous vendons entre autres des solutions d&#8217;ADR-AG, Rimage et Primera.<br>Veuillez nous envoyer votre demande pour un conseil personnalis\u00e9 ou une offre de prix.<br><\/h4>\n\n\n\n<div class=\"wp-block-button aligncenter\"><a class=\"wp-block-button__link\" rel=\"\/contact\/\">Contactez nous<\/a><\/div>\n","protected":false},"excerpt":{"rendered":"<p>MQEurope est sp\u00e9cialis\u00e9e dans les \u00e9quipements et les consommables pour la duplication des m\u00e9dias depuis 2006. Nous vendons entre autres des solutions d&#8217;ADR-AG, Rimage et Primera.Veuillez nous envoyer votre demande pour un conseil personnalis\u00e9 ou une offre de prix.<\/p>\n","protected":false},"author":1,"featured_media":0,"parent":0,"menu_order":0,"comment_status":"closed","ping_status":"closed","template":"","meta":{"_joinchat":[],"footnotes":""},"class_list":["post-2031","page","type-page","status-publish","hentry"],"translation":{"provider":"WPGlobus","version":"3.0.2","language":"fr","enabled_languages":["en","nl","fr"],"languages":{"en":{"title":true,"content":true,"excerpt":false},"nl":{"title":true,"content":true,"excerpt":false},"fr":{"title":true,"content":true,"excerpt":false}}},"yoast_head":"<!-- This site is optimized with the Yoast SEO plugin v26.9 - https:\/\/yoast.com\/product\/yoast-seo-wordpress\/ -->\n<title>CD, DVD; BluRay, USB, Flash Duplication and Printing - MQ Europe<\/title>\n<meta name=\"robots\" content=\"index, follow, max-snippet:-1, max-image-preview:large, max-video-preview:-1\" \/>\n<link rel=\"canonical\" href=\"https:\/\/www.mqeurope.com\/cd-dvd-bluray-usb-flash-duplication-and-printing\/\" \/>\n<meta property=\"og:locale\" content=\"fr_FR\" \/>\n<meta property=\"og:type\" content=\"article\" \/>\n<meta property=\"og:title\" content=\"CD, DVD; BluRay, USB, Flash Duplication and Printing - MQ Europe\" \/>\n<meta property=\"og:url\" content=\"https:\/\/www.mqeurope.com\/cd-dvd-bluray-usb-flash-duplication-and-printing\/\" \/>\n<meta property=\"og:site_name\" content=\"MQ Europe\" \/>\n<meta property=\"article:modified_time\" content=\"2021-05-18T15:10:53+00:00\" \/>\n<meta property=\"og:image\" content=\"https:\/\/www.mqeurope.com\/wp-content\/uploads\/2017\/11\/cddvdbluraybb.jpg\" \/>\n\t<meta property=\"og:image:width\" content=\"1512\" \/>\n\t<meta property=\"og:image:height\" content=\"1134\" \/>\n\t<meta property=\"og:image:type\" content=\"image\/jpeg\" \/>\n<meta name=\"twitter:card\" content=\"summary_large_image\" \/>\n<meta name=\"twitter:label1\" content=\"Est. reading time\" \/>\n\t<meta name=\"twitter:data1\" content=\"1 minute\" \/>\n<script type=\"application\/ld+json\" class=\"yoast-schema-graph\">{\"@context\":\"https:\/\/schema.org\",\"@graph\":[{\"@type\":\"WebPage\",\"@id\":\"https:\/\/www.mqeurope.com\/cd-dvd-bluray-usb-flash-duplication-and-printing\/\",\"url\":\"https:\/\/www.mqeurope.com\/cd-dvd-bluray-usb-flash-duplication-and-printing\/\",\"name\":\"CD, DVD; BluRay, USB, Flash Duplication and Printing - MQ Europe\",\"isPartOf\":{\"@id\":\"https:\/\/www.mqeurope.com\/#website\"},\"primaryImageOfPage\":{\"@id\":\"https:\/\/www.mqeurope.com\/cd-dvd-bluray-usb-flash-duplication-and-printing\/#primaryimage\"},\"image\":{\"@id\":\"https:\/\/www.mqeurope.com\/cd-dvd-bluray-usb-flash-duplication-and-printing\/#primaryimage\"},\"thumbnailUrl\":\"https:\/\/www.mqeurope.com\/wp-content\/uploads\/2017\/11\/cddvdbluraybb-1024x768.jpg\",\"datePublished\":\"2021-05-18T15:03:13+00:00\",\"dateModified\":\"2021-05-18T15:10:53+00:00\",\"breadcrumb\":{\"@id\":\"https:\/\/www.mqeurope.com\/cd-dvd-bluray-usb-flash-duplication-and-printing\/#breadcrumb\"},\"inLanguage\":\"fr-FR\",\"potentialAction\":[{\"@type\":\"ReadAction\",\"target\":[\"https:\/\/www.mqeurope.com\/cd-dvd-bluray-usb-flash-duplication-and-printing\/\"]}]},{\"@type\":\"ImageObject\",\"inLanguage\":\"fr-FR\",\"@id\":\"https:\/\/www.mqeurope.com\/cd-dvd-bluray-usb-flash-duplication-and-printing\/#primaryimage\",\"url\":\"https:\/\/www.mqeurope.com\/wp-content\/uploads\/2017\/11\/cddvdbluraybb-1024x768.jpg\",\"contentUrl\":\"https:\/\/www.mqeurope.com\/wp-content\/uploads\/2017\/11\/cddvdbluraybb-1024x768.jpg\"},{\"@type\":\"BreadcrumbList\",\"@id\":\"https:\/\/www.mqeurope.com\/cd-dvd-bluray-usb-flash-duplication-and-printing\/#breadcrumb\",\"itemListElement\":[{\"@type\":\"ListItem\",\"position\":1,\"name\":\"Home\",\"item\":\"https:\/\/www.mqeurope.com\/\"},{\"@type\":\"ListItem\",\"position\":2,\"name\":\"CD, DVD; BluRay, USB, Flash Duplication and Printing\"}]},{\"@type\":\"WebSite\",\"@id\":\"https:\/\/www.mqeurope.com\/#website\",\"url\":\"https:\/\/www.mqeurope.com\/\",\"name\":\"MQ Europe\",\"description\":\"\",\"publisher\":{\"@id\":\"https:\/\/www.mqeurope.com\/#organization\"},\"potentialAction\":[{\"@type\":\"SearchAction\",\"target\":{\"@type\":\"EntryPoint\",\"urlTemplate\":\"https:\/\/www.mqeurope.com\/?s={search_term_string}\"},\"query-input\":{\"@type\":\"PropertyValueSpecification\",\"valueRequired\":true,\"valueName\":\"search_term_string\"}}],\"inLanguage\":\"fr-FR\"},{\"@type\":\"Organization\",\"@id\":\"https:\/\/www.mqeurope.com\/#organization\",\"name\":\"MQ Europe\",\"url\":\"https:\/\/www.mqeurope.com\/\",\"logo\":{\"@type\":\"ImageObject\",\"inLanguage\":\"fr-FR\",\"@id\":\"https:\/\/www.mqeurope.com\/#\/schema\/logo\/image\/\",\"url\":\"https:\/\/www.mqeurope.com\/wp-content\/uploads\/2016\/02\/cropped-copy-logob.png\",\"contentUrl\":\"https:\/\/www.mqeurope.com\/wp-content\/uploads\/2016\/02\/cropped-copy-logob.png\",\"width\":325,\"height\":100,\"caption\":\"MQ Europe\"},\"image\":{\"@id\":\"https:\/\/www.mqeurope.com\/#\/schema\/logo\/image\/\"}}]}<\/script>\n<!-- \/ Yoast SEO plugin. -->","yoast_head_json":{"title":"CD, DVD; BluRay, USB, Flash Duplication and Printing - MQ Europe","robots":{"index":"index","follow":"follow","max-snippet":"max-snippet:-1","max-image-preview":"max-image-preview:large","max-video-preview":"max-video-preview:-1"},"canonical":"https:\/\/www.mqeurope.com\/cd-dvd-bluray-usb-flash-duplication-and-printing\/","og_locale":"fr_FR","og_type":"article","og_title":"CD, DVD; BluRay, USB, Flash Duplication and Printing - MQ Europe","og_url":"https:\/\/www.mqeurope.com\/cd-dvd-bluray-usb-flash-duplication-and-printing\/","og_site_name":"MQ Europe","article_modified_time":"2021-05-18T15:10:53+00:00","og_image":[{"width":1512,"height":1134,"url":"https:\/\/www.mqeurope.com\/wp-content\/uploads\/2017\/11\/cddvdbluraybb.jpg","type":"image\/jpeg"}],"twitter_card":"summary_large_image","twitter_misc":{"Est. reading time":"1 minute"},"schema":{"@context":"https:\/\/schema.org","@graph":[{"@type":"WebPage","@id":"https:\/\/www.mqeurope.com\/cd-dvd-bluray-usb-flash-duplication-and-printing\/","url":"https:\/\/www.mqeurope.com\/cd-dvd-bluray-usb-flash-duplication-and-printing\/","name":"CD, DVD; BluRay, USB, Flash Duplication and Printing - MQ Europe","isPartOf":{"@id":"https:\/\/www.mqeurope.com\/#website"},"primaryImageOfPage":{"@id":"https:\/\/www.mqeurope.com\/cd-dvd-bluray-usb-flash-duplication-and-printing\/#primaryimage"},"image":{"@id":"https:\/\/www.mqeurope.com\/cd-dvd-bluray-usb-flash-duplication-and-printing\/#primaryimage"},"thumbnailUrl":"https:\/\/www.mqeurope.com\/wp-content\/uploads\/2017\/11\/cddvdbluraybb-1024x768.jpg","datePublished":"2021-05-18T15:03:13+00:00","dateModified":"2021-05-18T15:10:53+00:00","breadcrumb":{"@id":"https:\/\/www.mqeurope.com\/cd-dvd-bluray-usb-flash-duplication-and-printing\/#breadcrumb"},"inLanguage":"fr-FR","potentialAction":[{"@type":"ReadAction","target":["https:\/\/www.mqeurope.com\/cd-dvd-bluray-usb-flash-duplication-and-printing\/"]}]},{"@type":"ImageObject","inLanguage":"fr-FR","@id":"https:\/\/www.mqeurope.com\/cd-dvd-bluray-usb-flash-duplication-and-printing\/#primaryimage","url":"https:\/\/www.mqeurope.com\/wp-content\/uploads\/2017\/11\/cddvdbluraybb-1024x768.jpg","contentUrl":"https:\/\/www.mqeurope.com\/wp-content\/uploads\/2017\/11\/cddvdbluraybb-1024x768.jpg"},{"@type":"BreadcrumbList","@id":"https:\/\/www.mqeurope.com\/cd-dvd-bluray-usb-flash-duplication-and-printing\/#breadcrumb","itemListElement":[{"@type":"ListItem","position":1,"name":"Home","item":"https:\/\/www.mqeurope.com\/"},{"@type":"ListItem","position":2,"name":"CD, DVD; BluRay, USB, Flash Duplication and Printing"}]},{"@type":"WebSite","@id":"https:\/\/www.mqeurope.com\/#website","url":"https:\/\/www.mqeurope.com\/","name":"MQ Europe","description":"","publisher":{"@id":"https:\/\/www.mqeurope.com\/#organization"},"potentialAction":[{"@type":"SearchAction","target":{"@type":"EntryPoint","urlTemplate":"https:\/\/www.mqeurope.com\/?s={search_term_string}"},"query-input":{"@type":"PropertyValueSpecification","valueRequired":true,"valueName":"search_term_string"}}],"inLanguage":"fr-FR"},{"@type":"Organization","@id":"https:\/\/www.mqeurope.com\/#organization","name":"MQ Europe","url":"https:\/\/www.mqeurope.com\/","logo":{"@type":"ImageObject","inLanguage":"fr-FR","@id":"https:\/\/www.mqeurope.com\/#\/schema\/logo\/image\/","url":"https:\/\/www.mqeurope.com\/wp-content\/uploads\/2016\/02\/cropped-copy-logob.png","contentUrl":"https:\/\/www.mqeurope.com\/wp-content\/uploads\/2016\/02\/cropped-copy-logob.png","width":325,"height":100,"caption":"MQ Europe"},"image":{"@id":"https:\/\/www.mqeurope.com\/#\/schema\/logo\/image\/"}}]}},"_links":{"self":[{"href":"https:\/\/www.mqeurope.com\/fr\/wp-json\/wp\/v2\/pages\/2031","targetHints":{"allow":["GET"]}}],"collection":[{"href":"https:\/\/www.mqeurope.com\/fr\/wp-json\/wp\/v2\/pages"}],"about":[{"href":"https:\/\/www.mqeurope.com\/fr\/wp-json\/wp\/v2\/types\/page"}],"author":[{"embeddable":true,"href":"https:\/\/www.mqeurope.com\/fr\/wp-json\/wp\/v2\/users\/1"}],"replies":[{"embeddable":true,"href":"https:\/\/www.mqeurope.com\/fr\/wp-json\/wp\/v2\/comments?post=2031"}],"version-history":[{"count":6,"href":"https:\/\/www.mqeurope.com\/fr\/wp-json\/wp\/v2\/pages\/2031\/revisions"}],"predecessor-version":[{"id":2037,"href":"https:\/\/www.mqeurope.com\/fr\/wp-json\/wp\/v2\/pages\/2031\/revisions\/2037"}],"wp:attachment":[{"href":"https:\/\/www.mqeurope.com\/fr\/wp-json\/wp\/v2\/media?parent=2031"}],"curies":[{"name":"wp","href":"https:\/\/api.w.org\/{rel}","templated":true}]}}