{"id":678,"date":"2017-04-06T11:20:28","date_gmt":"2017-04-06T11:20:28","guid":{"rendered":"http:\/\/www.mqeurope.com\/?page_id=678"},"modified":"2020-09-14T09:19:27","modified_gmt":"2020-09-14T09:19:27","slug":"3d-printers","status":"publish","type":"page","link":"https:\/\/www.mqeurope.com\/fr\/3d-printers\/","title":{"rendered":"3D Printers"},"content":{"rendered":"\n<div class=\"woocommerce columns-4 \"><ul class=\"products columns-4\">\n<li class=\"product type-product post-1284 status-publish first instock product_cat-3d-printers has-post-thumbnail sale taxable shipping-taxable purchasable product-type-simple\">\n\t<a href=\"https:\/\/www.mqeurope.com\/fr\/product\/bcn3d-sigmax\/\" class=\"woocommerce-LoopProduct-link woocommerce-loop-product__link\">\n\t<span class=\"onsale\">Sale!<\/span>\n\t<img loading=\"lazy\" decoding=\"async\" width=\"300\" height=\"300\" src=\"https:\/\/www.mqeurope.com\/wp-content\/uploads\/2019\/12\/Sigmax-R19-300x300.jpg\" class=\"attachment-woocommerce_thumbnail size-woocommerce_thumbnail\" alt=\"{:en}BCN3D Sigmax{:}{:nl}BCN3D Sigmax{:}\" srcset=\"https:\/\/www.mqeurope.com\/wp-content\/uploads\/2019\/12\/Sigmax-R19-300x300.jpg 300w, https:\/\/www.mqeurope.com\/wp-content\/uploads\/2019\/12\/Sigmax-R19-100x100.jpg 100w, https:\/\/www.mqeurope.com\/wp-content\/uploads\/2019\/12\/Sigmax-R19-600x600.jpg 600w, https:\/\/www.mqeurope.com\/wp-content\/uploads\/2019\/12\/Sigmax-R19-150x150.jpg 150w, https:\/\/www.mqeurope.com\/wp-content\/uploads\/2019\/12\/Sigmax-R19-768x768.jpg 768w, https:\/\/www.mqeurope.com\/wp-content\/uploads\/2019\/12\/Sigmax-R19-1024x1024.jpg 1024w, https:\/\/www.mqeurope.com\/wp-content\/uploads\/2019\/12\/Sigmax-R19-270x270.jpg 270w, https:\/\/www.mqeurope.com\/wp-content\/uploads\/2019\/12\/Sigmax-R19-230x230.jpg 230w, https:\/\/www.mqeurope.com\/wp-content\/uploads\/2019\/12\/Sigmax-R19.jpg 1800w\" sizes=\"auto, (max-width: 300px) 100vw, 300px\" \/><h2 class=\"woocommerce-loop-product__title\">BCN3D Sigmax<\/h2>\n\t<span class=\"price\"><del aria-hidden=\"true\"><span class=\"woocommerce-Price-amount amount\"><bdi>3,695.00<span class=\"woocommerce-Price-currencySymbol\">&euro;<\/span><\/bdi><\/span><\/del> <span class=\"screen-reader-text\">Original price was: 3,695.00&euro;.<\/span><ins aria-hidden=\"true\"><span class=\"woocommerce-Price-amount amount\"><bdi>3,650.00<span class=\"woocommerce-Price-currencySymbol\">&euro;<\/span><\/bdi><\/span><\/ins><span class=\"screen-reader-text\">Current price is: 3,650.00&euro;.<\/span><\/span>\n<\/a><a href=\"\/fr\/wp-json\/wp\/v2\/pages\/678?add-to-cart=1284\" aria-describedby=\"woocommerce_loop_add_to_cart_link_describedby_1284\" data-quantity=\"1\" class=\"button product_type_simple add_to_cart_button ajax_add_to_cart\" data-product_id=\"1284\" data-product_sku=\"\" aria-label=\"Add to cart: &ldquo;{:en}BCN3D Sigmax{:}{:nl}BCN3D Sigmax{:}&rdquo;\" rel=\"nofollow\" data-success_message=\"&ldquo;{:en}BCN3D Sigmax{:}{:nl}BCN3D Sigmax{:}&rdquo; has been added to your cart\" role=\"button\">Add to cart<\/a>\t<span id=\"woocommerce_loop_add_to_cart_link_describedby_1284\" class=\"screen-reader-text\">\n\t\t\t<\/span>\n<\/li>\n<li class=\"product type-product post-723 status-publish instock product_cat-3d-printers has-post-thumbnail sale taxable shipping-taxable purchasable product-type-simple\">\n\t<a href=\"https:\/\/www.mqeurope.com\/fr\/product\/sigma-3d-printer-2\/\" class=\"woocommerce-LoopProduct-link woocommerce-loop-product__link\">\n\t<span class=\"onsale\">Sale!<\/span>\n\t<img loading=\"lazy\" decoding=\"async\" width=\"300\" height=\"300\" src=\"https:\/\/www.mqeurope.com\/wp-content\/uploads\/2019\/12\/Sigma-R19-300x300.jpg\" class=\"attachment-woocommerce_thumbnail size-woocommerce_thumbnail\" alt=\"BCN3D Sigma Release 2019\" srcset=\"https:\/\/www.mqeurope.com\/wp-content\/uploads\/2019\/12\/Sigma-R19-300x300.jpg 300w, https:\/\/www.mqeurope.com\/wp-content\/uploads\/2019\/12\/Sigma-R19-100x100.jpg 100w, https:\/\/www.mqeurope.com\/wp-content\/uploads\/2019\/12\/Sigma-R19-600x600.jpg 600w, https:\/\/www.mqeurope.com\/wp-content\/uploads\/2019\/12\/Sigma-R19-150x150.jpg 150w, https:\/\/www.mqeurope.com\/wp-content\/uploads\/2019\/12\/Sigma-R19-768x768.jpg 768w, https:\/\/www.mqeurope.com\/wp-content\/uploads\/2019\/12\/Sigma-R19-1024x1024.jpg 1024w, https:\/\/www.mqeurope.com\/wp-content\/uploads\/2019\/12\/Sigma-R19-270x270.jpg 270w, https:\/\/www.mqeurope.com\/wp-content\/uploads\/2019\/12\/Sigma-R19-230x230.jpg 230w, https:\/\/www.mqeurope.com\/wp-content\/uploads\/2019\/12\/Sigma-R19.jpg 1800w\" sizes=\"auto, (max-width: 300px) 100vw, 300px\" \/><h2 class=\"woocommerce-loop-product__title\">BCN3D Sigma Release 2019<\/h2>\n\t<span class=\"price\"><del aria-hidden=\"true\"><span class=\"woocommerce-Price-amount amount\"><bdi>2,475.00<span class=\"woocommerce-Price-currencySymbol\">&euro;<\/span><\/bdi><\/span><\/del> <span class=\"screen-reader-text\">Original price was: 2,475.00&euro;.<\/span><ins aria-hidden=\"true\"><span class=\"woocommerce-Price-amount amount\"><bdi>2,425.00<span class=\"woocommerce-Price-currencySymbol\">&euro;<\/span><\/bdi><\/span><\/ins><span class=\"screen-reader-text\">Current price is: 2,425.00&euro;.<\/span><\/span>\n<\/a><a href=\"\/fr\/wp-json\/wp\/v2\/pages\/678?add-to-cart=723\" aria-describedby=\"woocommerce_loop_add_to_cart_link_describedby_723\" data-quantity=\"1\" class=\"button product_type_simple add_to_cart_button ajax_add_to_cart\" data-product_id=\"723\" data-product_sku=\"\" aria-label=\"Add to cart: &ldquo;BCN3D Sigma Release 2019&rdquo;\" rel=\"nofollow\" data-success_message=\"&ldquo;BCN3D Sigma Release 2019&rdquo; has been added to your cart\" role=\"button\">Add to cart<\/a>\t<span id=\"woocommerce_loop_add_to_cart_link_describedby_723\" class=\"screen-reader-text\">\n\t\t\t<\/span>\n<\/li>\n<li class=\"product type-product post-734 status-publish instock product_cat-3d-printers has-post-thumbnail taxable shipping-taxable product-type-simple\">\n\t<a href=\"https:\/\/www.mqeurope.com\/fr\/product\/bcn3d-sigma-17-upgrade-kit\/\" class=\"woocommerce-LoopProduct-link woocommerce-loop-product__link\"><img loading=\"lazy\" decoding=\"async\" width=\"300\" height=\"300\" src=\"https:\/\/www.mqeurope.com\/wp-content\/uploads\/2017\/04\/chips-300x300.png\" class=\"attachment-woocommerce_thumbnail size-woocommerce_thumbnail\" alt=\"Sigma R17 Upgrade KIT\" srcset=\"https:\/\/www.mqeurope.com\/wp-content\/uploads\/2017\/04\/chips-300x300.png 300w, https:\/\/www.mqeurope.com\/wp-content\/uploads\/2017\/04\/chips-100x100.png 100w, https:\/\/www.mqeurope.com\/wp-content\/uploads\/2017\/04\/chips-600x600.png 600w, https:\/\/www.mqeurope.com\/wp-content\/uploads\/2017\/04\/chips-150x150.png 150w, https:\/\/www.mqeurope.com\/wp-content\/uploads\/2017\/04\/chips-270x270.png 270w, https:\/\/www.mqeurope.com\/wp-content\/uploads\/2017\/04\/chips-230x230.png 230w, https:\/\/www.mqeurope.com\/wp-content\/uploads\/2017\/04\/chips.png 700w\" sizes=\"auto, (max-width: 300px) 100vw, 300px\" \/><h2 class=\"woocommerce-loop-product__title\">Sigma R17 Upgrade KIT<\/h2>\n<\/a><a href=\"https:\/\/www.mqeurope.com\/fr\/product\/bcn3d-sigma-17-upgrade-kit\/\" aria-describedby=\"woocommerce_loop_add_to_cart_link_describedby_734\" data-quantity=\"1\" class=\"button product_type_simple\" data-product_id=\"734\" data-product_sku=\"\" aria-label=\"Read more about &ldquo;Sigma R17 Upgrade KIT&rdquo;\" rel=\"nofollow\" data-success_message=\"\">Read more<\/a>\t<span id=\"woocommerce_loop_add_to_cart_link_describedby_734\" class=\"screen-reader-text\">\n\t\t\t<\/span>\n<\/li>\n<li class=\"product type-product post-718 status-publish last instock product_cat-3d-printers has-post-thumbnail taxable shipping-taxable product-type-variable\">\n\t<a href=\"https:\/\/www.mqeurope.com\/fr\/product\/3d-spare-parts\/\" class=\"woocommerce-LoopProduct-link woocommerce-loop-product__link\"><img loading=\"lazy\" decoding=\"async\" width=\"300\" height=\"300\" src=\"https:\/\/www.mqeurope.com\/wp-content\/uploads\/2017\/04\/spare-parts-300x300.jpeg\" class=\"attachment-woocommerce_thumbnail size-woocommerce_thumbnail\" alt=\"3D Spare Parts\" srcset=\"https:\/\/www.mqeurope.com\/wp-content\/uploads\/2017\/04\/spare-parts-300x300.jpeg 300w, https:\/\/www.mqeurope.com\/wp-content\/uploads\/2017\/04\/spare-parts-100x100.jpeg 100w, https:\/\/www.mqeurope.com\/wp-content\/uploads\/2017\/04\/spare-parts-600x600.jpeg 600w, https:\/\/www.mqeurope.com\/wp-content\/uploads\/2017\/04\/spare-parts-150x150.jpeg 150w, https:\/\/www.mqeurope.com\/wp-content\/uploads\/2017\/04\/spare-parts-768x768.jpeg 768w, https:\/\/www.mqeurope.com\/wp-content\/uploads\/2017\/04\/spare-parts-270x270.jpeg 270w, https:\/\/www.mqeurope.com\/wp-content\/uploads\/2017\/04\/spare-parts-230x230.jpeg 230w, https:\/\/www.mqeurope.com\/wp-content\/uploads\/2017\/04\/spare-parts.jpeg 1000w\" sizes=\"auto, (max-width: 300px) 100vw, 300px\" \/><h2 class=\"woocommerce-loop-product__title\">3D Spare Parts<\/h2>\n<\/a><a href=\"https:\/\/www.mqeurope.com\/fr\/product\/3d-spare-parts\/\" aria-describedby=\"woocommerce_loop_add_to_cart_link_describedby_718\" data-quantity=\"1\" class=\"button product_type_variable\" data-product_id=\"718\" data-product_sku=\"\" aria-label=\"Select options for &ldquo;3D Spare Parts&rdquo;\" rel=\"nofollow\">Read more<\/a>\t<span id=\"woocommerce_loop_add_to_cart_link_describedby_718\" class=\"screen-reader-text\">\n\t\t\t<\/span>\n<\/li>\n<li class=\"product type-product post-732 status-publish first instock product_cat-3d-printers has-post-thumbnail taxable shipping-taxable product-type-simple\">\n\t<a href=\"https:\/\/www.mqeurope.com\/fr\/product\/3d-filaments\/\" class=\"woocommerce-LoopProduct-link woocommerce-loop-product__link\"><img loading=\"lazy\" decoding=\"async\" width=\"300\" height=\"300\" src=\"https:\/\/www.mqeurope.com\/wp-content\/uploads\/2017\/04\/filaments-shop2-300x300.jpeg\" class=\"attachment-woocommerce_thumbnail size-woocommerce_thumbnail\" alt=\"3D Filaments\" srcset=\"https:\/\/www.mqeurope.com\/wp-content\/uploads\/2017\/04\/filaments-shop2-300x300.jpeg 300w, https:\/\/www.mqeurope.com\/wp-content\/uploads\/2017\/04\/filaments-shop2-100x100.jpeg 100w, https:\/\/www.mqeurope.com\/wp-content\/uploads\/2017\/04\/filaments-shop2-150x150.jpeg 150w, https:\/\/www.mqeurope.com\/wp-content\/uploads\/2017\/04\/filaments-shop2-270x270.jpeg 270w, https:\/\/www.mqeurope.com\/wp-content\/uploads\/2017\/04\/filaments-shop2-230x230.jpeg 230w, https:\/\/www.mqeurope.com\/wp-content\/uploads\/2017\/04\/filaments-shop2.jpeg 500w\" sizes=\"auto, (max-width: 300px) 100vw, 300px\" \/><h2 class=\"woocommerce-loop-product__title\">3D Filaments<\/h2>\n<\/a><a href=\"https:\/\/www.mqeurope.com\/fr\/product\/3d-filaments\/\" aria-describedby=\"woocommerce_loop_add_to_cart_link_describedby_732\" data-quantity=\"1\" class=\"button product_type_simple\" data-product_id=\"732\" data-product_sku=\"\" aria-label=\"Read more about &ldquo;3D Filaments&rdquo;\" rel=\"nofollow\" data-success_message=\"\">Read more<\/a>\t<span id=\"woocommerce_loop_add_to_cart_link_describedby_732\" class=\"screen-reader-text\">\n\t\t\t<\/span>\n<\/li>\n<\/ul>\n<\/div>\n\n\n\n<figure class=\"wp-block-table\"><table class=\"\"><tbody><tr><td><\/td><td>D\u00e9couvrez les imprimantes 3D \/ produits de BCN3D Technologies comme la Sigma, la Plus, l\u2019Ignis et la Lux.<br><br>Les technologies BCN3D et Fundac\u00f3 CIM sont des spin-offs de l\u2019Universit\u00e9 polytechnique de Catalogne (UPC). Par cons\u00e9quent, ils sont \u00e0 l\u2019avant-garde en mati\u00e8re d\u2019innovation et d\u2019am\u00e9liorations technologiques.<\/td><td><\/td><\/tr><\/tbody><\/table><\/figure>\n\n\n\n<figure class=\"wp-block-table\"><table class=\"\"><tbody><tr><td><\/td><td>Les imprimantes 3D Ultimaker sont r\u00e9put\u00e9es pour leur haute qualit\u00e9 et leur fiabilit\u00e9.<br><br>Ultimaker est bas\u00e9 aux Pays-Bas et a une pr\u00e9sence mondiale.<br><br>Leur portefeuille va des imprimantes de bureau compactes aux versions \u00e9tendues avec des volumes d&#8217;impression impressionnants.<\/td><td><\/td><\/tr><\/tbody><\/table><\/figure>\n","protected":false},"excerpt":{"rendered":"<p>D\u00e9couvrez les imprimantes 3D \/ produits de BCN3D Technologies comme la Sigma, la Plus, l\u2019Ignis et la Lux. Les technologies BCN3D et Fundac\u00f3 CIM sont des spin-offs de l\u2019Universit\u00e9 polytechnique de Catalogne (UPC). Par cons\u00e9quent, ils sont \u00e0 l\u2019avant-garde en<\/p>\n","protected":false},"author":1,"featured_media":806,"parent":0,"menu_order":0,"comment_status":"closed","ping_status":"closed","template":"page-templates\/contact.php","meta":{"_joinchat":[],"footnotes":""},"class_list":["post-678","page","type-page","status-publish","has-post-thumbnail","hentry"],"translation":{"provider":"WPGlobus","version":"3.0.2","language":"fr","enabled_languages":["en","nl","fr"],"languages":{"en":{"title":true,"content":true,"excerpt":false},"nl":{"title":true,"content":true,"excerpt":false},"fr":{"title":false,"content":true,"excerpt":false}}},"yoast_head":"<!-- This site is optimized with the Yoast SEO plugin v26.9 - https:\/\/yoast.com\/product\/yoast-seo-wordpress\/ -->\n<title>- MQ Europe<\/title>\n<meta name=\"robots\" content=\"index, follow, max-snippet:-1, max-image-preview:large, max-video-preview:-1\" \/>\n<link rel=\"canonical\" href=\"https:\/\/www.mqeurope.com\/3d-printers\/\" \/>\n<meta property=\"og:locale\" content=\"fr_FR\" \/>\n<meta property=\"og:type\" content=\"article\" \/>\n<meta property=\"og:title\" content=\"- MQ Europe\" \/>\n<meta property=\"og:url\" content=\"https:\/\/www.mqeurope.com\/3d-printers\/\" \/>\n<meta property=\"og:site_name\" content=\"MQ Europe\" \/>\n<meta property=\"article:modified_time\" content=\"2020-09-14T09:19:27+00:00\" \/>\n<meta property=\"og:image\" content=\"https:\/\/www.mqeurope.com\/wp-content\/uploads\/2017\/11\/sigma-productb.png\" \/>\n\t<meta property=\"og:image:width\" content=\"300\" \/>\n\t<meta property=\"og:image:height\" content=\"300\" \/>\n\t<meta property=\"og:image:type\" content=\"image\/png\" \/>\n<meta name=\"twitter:card\" content=\"summary_large_image\" \/>\n<meta name=\"twitter:label1\" content=\"Est. reading time\" \/>\n\t<meta name=\"twitter:data1\" content=\"1 minute\" \/>\n<script type=\"application\/ld+json\" class=\"yoast-schema-graph\">{\"@context\":\"https:\/\/schema.org\",\"@graph\":[{\"@type\":\"WebPage\",\"@id\":\"https:\/\/www.mqeurope.com\/3d-printers\/\",\"url\":\"https:\/\/www.mqeurope.com\/3d-printers\/\",\"name\":\"- MQ Europe\",\"isPartOf\":{\"@id\":\"https:\/\/www.mqeurope.com\/#website\"},\"primaryImageOfPage\":{\"@id\":\"https:\/\/www.mqeurope.com\/3d-printers\/#primaryimage\"},\"image\":{\"@id\":\"https:\/\/www.mqeurope.com\/3d-printers\/#primaryimage\"},\"thumbnailUrl\":\"https:\/\/www.mqeurope.com\/wp-content\/uploads\/2017\/11\/sigma-productb.png\",\"datePublished\":\"2017-04-06T11:20:28+00:00\",\"dateModified\":\"2020-09-14T09:19:27+00:00\",\"breadcrumb\":{\"@id\":\"https:\/\/www.mqeurope.com\/3d-printers\/#breadcrumb\"},\"inLanguage\":\"fr-FR\",\"potentialAction\":[{\"@type\":\"ReadAction\",\"target\":[\"https:\/\/www.mqeurope.com\/3d-printers\/\"]}]},{\"@type\":\"ImageObject\",\"inLanguage\":\"fr-FR\",\"@id\":\"https:\/\/www.mqeurope.com\/3d-printers\/#primaryimage\",\"url\":\"https:\/\/www.mqeurope.com\/wp-content\/uploads\/2017\/11\/sigma-productb.png\",\"contentUrl\":\"https:\/\/www.mqeurope.com\/wp-content\/uploads\/2017\/11\/sigma-productb.png\",\"width\":300,\"height\":300},{\"@type\":\"BreadcrumbList\",\"@id\":\"https:\/\/www.mqeurope.com\/3d-printers\/#breadcrumb\",\"itemListElement\":[{\"@type\":\"ListItem\",\"position\":1,\"name\":\"Home\",\"item\":\"https:\/\/www.mqeurope.com\/\"},{\"@type\":\"ListItem\",\"position\":2,\"name\":\"3D Printers\"}]},{\"@type\":\"WebSite\",\"@id\":\"https:\/\/www.mqeurope.com\/#website\",\"url\":\"https:\/\/www.mqeurope.com\/\",\"name\":\"MQ Europe\",\"description\":\"\",\"publisher\":{\"@id\":\"https:\/\/www.mqeurope.com\/#organization\"},\"potentialAction\":[{\"@type\":\"SearchAction\",\"target\":{\"@type\":\"EntryPoint\",\"urlTemplate\":\"https:\/\/www.mqeurope.com\/?s={search_term_string}\"},\"query-input\":{\"@type\":\"PropertyValueSpecification\",\"valueRequired\":true,\"valueName\":\"search_term_string\"}}],\"inLanguage\":\"fr-FR\"},{\"@type\":\"Organization\",\"@id\":\"https:\/\/www.mqeurope.com\/#organization\",\"name\":\"MQ Europe\",\"url\":\"https:\/\/www.mqeurope.com\/\",\"logo\":{\"@type\":\"ImageObject\",\"inLanguage\":\"fr-FR\",\"@id\":\"https:\/\/www.mqeurope.com\/#\/schema\/logo\/image\/\",\"url\":\"https:\/\/www.mqeurope.com\/wp-content\/uploads\/2016\/02\/cropped-copy-logob.png\",\"contentUrl\":\"https:\/\/www.mqeurope.com\/wp-content\/uploads\/2016\/02\/cropped-copy-logob.png\",\"width\":325,\"height\":100,\"caption\":\"MQ Europe\"},\"image\":{\"@id\":\"https:\/\/www.mqeurope.com\/#\/schema\/logo\/image\/\"}}]}<\/script>\n<!-- \/ Yoast SEO plugin. -->","yoast_head_json":{"title":"- MQ Europe","robots":{"index":"index","follow":"follow","max-snippet":"max-snippet:-1","max-image-preview":"max-image-preview:large","max-video-preview":"max-video-preview:-1"},"canonical":"https:\/\/www.mqeurope.com\/3d-printers\/","og_locale":"fr_FR","og_type":"article","og_title":"- MQ Europe","og_url":"https:\/\/www.mqeurope.com\/3d-printers\/","og_site_name":"MQ Europe","article_modified_time":"2020-09-14T09:19:27+00:00","og_image":[{"width":300,"height":300,"url":"https:\/\/www.mqeurope.com\/wp-content\/uploads\/2017\/11\/sigma-productb.png","type":"image\/png"}],"twitter_card":"summary_large_image","twitter_misc":{"Est. reading time":"1 minute"},"schema":{"@context":"https:\/\/schema.org","@graph":[{"@type":"WebPage","@id":"https:\/\/www.mqeurope.com\/3d-printers\/","url":"https:\/\/www.mqeurope.com\/3d-printers\/","name":"- MQ Europe","isPartOf":{"@id":"https:\/\/www.mqeurope.com\/#website"},"primaryImageOfPage":{"@id":"https:\/\/www.mqeurope.com\/3d-printers\/#primaryimage"},"image":{"@id":"https:\/\/www.mqeurope.com\/3d-printers\/#primaryimage"},"thumbnailUrl":"https:\/\/www.mqeurope.com\/wp-content\/uploads\/2017\/11\/sigma-productb.png","datePublished":"2017-04-06T11:20:28+00:00","dateModified":"2020-09-14T09:19:27+00:00","breadcrumb":{"@id":"https:\/\/www.mqeurope.com\/3d-printers\/#breadcrumb"},"inLanguage":"fr-FR","potentialAction":[{"@type":"ReadAction","target":["https:\/\/www.mqeurope.com\/3d-printers\/"]}]},{"@type":"ImageObject","inLanguage":"fr-FR","@id":"https:\/\/www.mqeurope.com\/3d-printers\/#primaryimage","url":"https:\/\/www.mqeurope.com\/wp-content\/uploads\/2017\/11\/sigma-productb.png","contentUrl":"https:\/\/www.mqeurope.com\/wp-content\/uploads\/2017\/11\/sigma-productb.png","width":300,"height":300},{"@type":"BreadcrumbList","@id":"https:\/\/www.mqeurope.com\/3d-printers\/#breadcrumb","itemListElement":[{"@type":"ListItem","position":1,"name":"Home","item":"https:\/\/www.mqeurope.com\/"},{"@type":"ListItem","position":2,"name":"3D Printers"}]},{"@type":"WebSite","@id":"https:\/\/www.mqeurope.com\/#website","url":"https:\/\/www.mqeurope.com\/","name":"MQ Europe","description":"","publisher":{"@id":"https:\/\/www.mqeurope.com\/#organization"},"potentialAction":[{"@type":"SearchAction","target":{"@type":"EntryPoint","urlTemplate":"https:\/\/www.mqeurope.com\/?s={search_term_string}"},"query-input":{"@type":"PropertyValueSpecification","valueRequired":true,"valueName":"search_term_string"}}],"inLanguage":"fr-FR"},{"@type":"Organization","@id":"https:\/\/www.mqeurope.com\/#organization","name":"MQ Europe","url":"https:\/\/www.mqeurope.com\/","logo":{"@type":"ImageObject","inLanguage":"fr-FR","@id":"https:\/\/www.mqeurope.com\/#\/schema\/logo\/image\/","url":"https:\/\/www.mqeurope.com\/wp-content\/uploads\/2016\/02\/cropped-copy-logob.png","contentUrl":"https:\/\/www.mqeurope.com\/wp-content\/uploads\/2016\/02\/cropped-copy-logob.png","width":325,"height":100,"caption":"MQ Europe"},"image":{"@id":"https:\/\/www.mqeurope.com\/#\/schema\/logo\/image\/"}}]}},"_links":{"self":[{"href":"https:\/\/www.mqeurope.com\/fr\/wp-json\/wp\/v2\/pages\/678","targetHints":{"allow":["GET"]}}],"collection":[{"href":"https:\/\/www.mqeurope.com\/fr\/wp-json\/wp\/v2\/pages"}],"about":[{"href":"https:\/\/www.mqeurope.com\/fr\/wp-json\/wp\/v2\/types\/page"}],"author":[{"embeddable":true,"href":"https:\/\/www.mqeurope.com\/fr\/wp-json\/wp\/v2\/users\/1"}],"replies":[{"embeddable":true,"href":"https:\/\/www.mqeurope.com\/fr\/wp-json\/wp\/v2\/comments?post=678"}],"version-history":[{"count":11,"href":"https:\/\/www.mqeurope.com\/fr\/wp-json\/wp\/v2\/pages\/678\/revisions"}],"predecessor-version":[{"id":1986,"href":"https:\/\/www.mqeurope.com\/fr\/wp-json\/wp\/v2\/pages\/678\/revisions\/1986"}],"wp:featuredmedia":[{"embeddable":true,"href":"https:\/\/www.mqeurope.com\/fr\/wp-json\/wp\/v2\/media\/806"}],"wp:attachment":[{"href":"https:\/\/www.mqeurope.com\/fr\/wp-json\/wp\/v2\/media?parent=678"}],"curies":[{"name":"wp","href":"https:\/\/api.w.org\/{rel}","templated":true}]}}