{"id":1819,"date":"2020-01-14T08:57:46","date_gmt":"2020-01-14T08:57:46","guid":{"rendered":"http:\/\/www.mqeurope.com\/?post_type=product&#038;p=1819"},"modified":"2022-01-26T10:02:51","modified_gmt":"2022-01-26T10:02:51","slug":"artis-5000-uv-led-a2","status":"publish","type":"product","link":"https:\/\/www.mqeurope.com\/fr\/product\/artis-5000-uv-led-a2\/","title":{"rendered":"Artis 5000 UV Led A2+"},"content":{"rendered":"<p>L&#8217;Artis 5000 UV Led peut imprimer sur n&#8217;importe quelle couleur de fond, gr\u00e2ce aux encres blanches, et sur presque n&#8217;importe quel mat\u00e9riel, elle poss\u00e8de une r\u00e9sistance \u00e0 l\u2019humidit\u00e9, aux rayures et \u00e0 la lumi\u00e8re du soleil. Cette machine \u00e0 impression UV est tr\u00e8s appropri\u00e9e pour la production de cadeaux personnalis\u00e9s, de panneaux publicitaires, de signal\u00e9tique, de coques pour mobiles, etc.<\/p>\n<p>L&#8217;Artis 5000 offre une super qualit\u00e9 photo puisqu&#8217;elle utilise la technologie et le t\u00eate d&#8217;impression Epson.<\/p>\n<p><iframe loading=\"lazy\" title=\"A5000 FR\" src=\"https:\/\/player.vimeo.com\/video\/415440320?h=172b28307c&amp;dnt=1&amp;app_id=122963\" width=\"750\" height=\"422\" frameborder=\"0\" allow=\"autoplay; fullscreen; picture-in-picture\" allowfullscreen><\/iframe><\/p>\n<p>C&#8217;est une imprimante de gamme professionnelle avec un co\u00fbt de consommables qui sont pour la plupart a un co\u00fbt ne d\u00e9passant pas la moiti\u00e9 du prix d\u00b4autres marques parce qu&#8217;elles utilisent des encres en bouteille au lieu de cartouches originales et des pi\u00e8ces de rechange Epson au lieu des autres marques.<\/p>\n<p>Les machines comprennent un logiciel RIP d&#8217;impression qui permet de g\u00e9rer les impressions et les profils de couleurs. Nous avons \u00e9galement un RIP avanc\u00e9 pour pouvoir fonctionner avec une r\u00e9solution maximale et vous permettre d&#8217;imprimer les couches de blanc et de couleur dans un seul et m\u00eame passage.<\/p>\n<p>ArtisJet dispose de son propre service technique et nous offrons des r\u00e9ponses et des solutions rapides et efficaces. Nous sommes des sp\u00e9cialistes en PME et nous fournissons un traitement direct et personnalis\u00e9 qui permet \u00e0 nos clients de travailler avec confiance et en toute tranquillit\u00e9.<\/p>\n<p>&nbsp;<\/p>\n<table border=\"1\" width=\"100%\" cellspacing=\"0\" cellpadding=\"0\">\n<tbody>\n<tr>\n<td valign=\"bottom\" width=\"50%\"><strong>Syst\u00e8me de jet d&#8217;encre s\u00e9lectionn\u00e9 UV<\/strong><\/p>\n<ul>\n<li>L&#8217;imprimante Artis 5000 fonctionne avec le syst\u00e8me FOIF d&#8217;artisJet et active \u00e9lectroniquement la LED UV uniquement lors du jet d&#8217;encre. En cons\u00e9quence, la dur\u00e9e de vie des LED et de la t\u00eate d&#8217;impression est maximis\u00e9e.<\/li>\n<\/ul>\n<\/td>\n<td valign=\"bottom\" width=\"50%\"><strong>Syst\u00e8me de contr\u00f4le UV.<\/strong><\/p>\n<ul>\n<li>Con\u00e7u pour plus de flexibilit\u00e9 et de simplicit\u00e9, artisJet COD contr\u00f4le num\u00e9riquement le fonctionnement du syst\u00e8me LED UV. Il s&#8217;adapte aux diff\u00e9rents mat\u00e9riaux et environnements de travail<\/li>\n<\/ul>\n<\/td>\n<\/tr>\n<tr>\n<td valign=\"bottom\" width=\"50%\"><strong>R\u00e9glage automatique de la hauteur d&#8217;impression<\/strong><\/p>\n<ul>\n<li>Equip\u00e9 de capteurs pour le r\u00e9glage semi-automatique de la hauteur de la t\u00eate.<\/li>\n<\/ul>\n<\/td>\n<td valign=\"bottom\" width=\"50%\"><strong>Syst\u00e8me de contr\u00f4le de refroidissement par liquide<\/strong><\/p>\n<ul>\n<li>Le syst\u00e8me de contr\u00f4le de refroidissement d&#8217;artisJet est bas\u00e9 sur un syst\u00e8me de refroidissement industriel pour \u00e9viter l&#8217;usure de la lampe UV et de la t\u00eate.<\/li>\n<\/ul>\n<\/td>\n<\/tr>\n<tr>\n<td valign=\"bottom\" width=\"50%\"><strong>Syst\u00e8me d&#8217;encre en bouteille<\/strong><\/p>\n<ul>\n<li>A la diff\u00e9rence des cartouches d&#8217;encre, ce syst\u00e8me permet l&#8217;utilisation de 100% d&#8217;encre disponible et l&#8217;encre est beaucoup plus \u00e9conomique.<\/li>\n<\/ul>\n<\/td>\n<td valign=\"bottom\" width=\"50%\"><strong>Design unique de plateforme de chargement lat\u00e9ral<\/strong><\/p>\n<ul>\n<li>Un design unique qui assure une meilleure visibilit\u00e9 \u00e0 la sortie. Id\u00e9al pour les environnements de travail dans un espace limit\u00e9.<\/li>\n<\/ul>\n<\/td>\n<\/tr>\n<\/tbody>\n<\/table>\n","protected":false},"excerpt":{"rendered":"<hr>\n<h6><strong>IMPRIMEZ DES TAILLES PLUS GRANDES ET PLUS RAPIDEMENT<\/strong><\/h6>\n<ul>\n<li>Impression de qualit\u00e9 avec une texture et un relief grand format<\/li>\n<li>Impression directe sur tous les types de mat\u00e9riaux transparents et sombres<\/li>\n<li>Impression optimale sur des mat\u00e9riaux rigides et flexibles<\/li>\n<li>Id\u00e9al pour l&#8217;impression de signal\u00e9tique, d&#8217;emballage, de d\u00e9coration (impression sur bois, c\u00e9ramique, verre, plastique, aluminium &#8230; etc.), d&#8217;affiches, d&#8217;objets promotionnels<\/li>\n<li>Zone d&#8217;impression: 50x70cm<\/li>\n<li>Hauteur maximum: 25 cm<\/li>\n<\/ul>\n<p>&nbsp;<\/p>\n<h6><strong>CARACTERISTIQUES<\/strong><\/h6>\n<ul>\n<li>Architecture unique \u00e0 <strong>chargement lat\u00e9ral<\/strong><\/li>\n<li>Co\u00fbt op\u00e9ratoire minimum avec <strong>syst\u00e8me d&#8217;encres en bouteille<\/strong><\/li>\n<li><strong>R\u00e9glage automatique<\/strong> de la hauteur de la t\u00eate<\/li>\n<li>Dur\u00e9e de vie de la t\u00eate prolong\u00e9e gr\u00e2ce \u00e0 la <strong>technologie FOIF (jet s\u00e9lectif de lumi\u00e8re)<\/strong><\/li>\n<li>Maintenance et op\u00e9ration facilit\u00e9<\/li>\n<li>Syst\u00e8me de contr\u00f4le de refroidissement par liquide<\/li>\n<li>Impression polyvalente avec <strong>r\u00e9glage du niveau de puissance des LED UV<\/strong><\/li>\n<li>Zone d&#8217;impression: 50x70cm<\/li>\n<li>Hauteur maximum: 25 cm<\/li>\n<\/ul>\n<p>&nbsp;<\/p>\n<p>&nbsp;<br \/>\n<a class=\"fasc-button fasc-size-large fasc-type-glossy fasc-rounded-medium fasc-ico-before dashicons-edit\" style=\"background-color: #247edd; color: #ffffff;\" href=\"\/fr\/contact\/\">Devis<\/a><\/p>\n","protected":false},"featured_media":2019,"template":"","meta":{"_joinchat":[]},"product_brand":[],"product_cat":[64,67],"product_tag":[],"class_list":{"0":"post-1819","1":"product","2":"type-product","3":"status-publish","4":"has-post-thumbnail","6":"product_cat-flatbed","7":"product_cat-uv-flatbed","9":"first","10":"instock","11":"featured","12":"taxable","13":"shipping-taxable","14":"product-type-simple"},"translation":{"provider":"WPGlobus","version":"3.0.2","language":"fr","enabled_languages":["en","nl","fr"],"languages":{"en":{"title":true,"content":true,"excerpt":true},"nl":{"title":true,"content":true,"excerpt":true},"fr":{"title":false,"content":true,"excerpt":true}}},"yoast_head":"<!-- This site is optimized with the Yoast SEO plugin v26.9 - https:\/\/yoast.com\/product\/yoast-seo-wordpress\/ -->\n<title>- MQ Europe<\/title>\n<meta name=\"robots\" content=\"index, follow, max-snippet:-1, max-image-preview:large, max-video-preview:-1\" \/>\n<link rel=\"canonical\" href=\"https:\/\/www.mqeurope.com\/product\/artis-5000-uv-led-a2\/\" \/>\n<meta property=\"og:locale\" content=\"fr_FR\" \/>\n<meta property=\"og:type\" content=\"article\" \/>\n<meta property=\"og:title\" content=\"- MQ Europe\" \/>\n<meta property=\"og:url\" content=\"https:\/\/www.mqeurope.com\/product\/artis-5000-uv-led-a2\/\" \/>\n<meta property=\"og:site_name\" content=\"MQ Europe\" \/>\n<meta property=\"article:modified_time\" content=\"2022-01-26T10:02:51+00:00\" \/>\n<meta property=\"og:image\" content=\"https:\/\/www.mqeurope.com\/wp-content\/uploads\/2020\/01\/artis5000Uimg1.jpg\" \/>\n\t<meta property=\"og:image:width\" content=\"560\" \/>\n\t<meta property=\"og:image:height\" content=\"500\" \/>\n\t<meta property=\"og:image:type\" content=\"image\/jpeg\" \/>\n<meta name=\"twitter:card\" content=\"summary_large_image\" \/>\n<meta name=\"twitter:label1\" content=\"Est. reading time\" \/>\n\t<meta name=\"twitter:data1\" content=\"3 minutes\" \/>\n<script type=\"application\/ld+json\" class=\"yoast-schema-graph\">{\"@context\":\"https:\/\/schema.org\",\"@graph\":[{\"@type\":\"WebPage\",\"@id\":\"https:\/\/www.mqeurope.com\/product\/artis-5000-uv-led-a2\/\",\"url\":\"https:\/\/www.mqeurope.com\/product\/artis-5000-uv-led-a2\/\",\"name\":\"- MQ Europe\",\"isPartOf\":{\"@id\":\"https:\/\/www.mqeurope.com\/#website\"},\"primaryImageOfPage\":{\"@id\":\"https:\/\/www.mqeurope.com\/product\/artis-5000-uv-led-a2\/#primaryimage\"},\"image\":{\"@id\":\"https:\/\/www.mqeurope.com\/product\/artis-5000-uv-led-a2\/#primaryimage\"},\"thumbnailUrl\":\"https:\/\/www.mqeurope.com\/wp-content\/uploads\/2020\/01\/artis5000Uimg1.jpg\",\"datePublished\":\"2020-01-14T08:57:46+00:00\",\"dateModified\":\"2022-01-26T10:02:51+00:00\",\"breadcrumb\":{\"@id\":\"https:\/\/www.mqeurope.com\/product\/artis-5000-uv-led-a2\/#breadcrumb\"},\"inLanguage\":\"fr-FR\",\"potentialAction\":[{\"@type\":\"ReadAction\",\"target\":[\"https:\/\/www.mqeurope.com\/product\/artis-5000-uv-led-a2\/\"]}]},{\"@type\":\"ImageObject\",\"inLanguage\":\"fr-FR\",\"@id\":\"https:\/\/www.mqeurope.com\/product\/artis-5000-uv-led-a2\/#primaryimage\",\"url\":\"https:\/\/www.mqeurope.com\/wp-content\/uploads\/2020\/01\/artis5000Uimg1.jpg\",\"contentUrl\":\"https:\/\/www.mqeurope.com\/wp-content\/uploads\/2020\/01\/artis5000Uimg1.jpg\",\"width\":560,\"height\":500},{\"@type\":\"BreadcrumbList\",\"@id\":\"https:\/\/www.mqeurope.com\/product\/artis-5000-uv-led-a2\/#breadcrumb\",\"itemListElement\":[{\"@type\":\"ListItem\",\"position\":1,\"name\":\"Home\",\"item\":\"https:\/\/www.mqeurope.com\/\"},{\"@type\":\"ListItem\",\"position\":2,\"name\":\"Shop\",\"item\":\"https:\/\/www.mqeurope.com\/store\/\"},{\"@type\":\"ListItem\",\"position\":3,\"name\":\"Artis 5000 UV Led A2+\"}]},{\"@type\":\"WebSite\",\"@id\":\"https:\/\/www.mqeurope.com\/#website\",\"url\":\"https:\/\/www.mqeurope.com\/\",\"name\":\"MQ Europe\",\"description\":\"\",\"publisher\":{\"@id\":\"https:\/\/www.mqeurope.com\/#organization\"},\"potentialAction\":[{\"@type\":\"SearchAction\",\"target\":{\"@type\":\"EntryPoint\",\"urlTemplate\":\"https:\/\/www.mqeurope.com\/?s={search_term_string}\"},\"query-input\":{\"@type\":\"PropertyValueSpecification\",\"valueRequired\":true,\"valueName\":\"search_term_string\"}}],\"inLanguage\":\"fr-FR\"},{\"@type\":\"Organization\",\"@id\":\"https:\/\/www.mqeurope.com\/#organization\",\"name\":\"MQ Europe\",\"url\":\"https:\/\/www.mqeurope.com\/\",\"logo\":{\"@type\":\"ImageObject\",\"inLanguage\":\"fr-FR\",\"@id\":\"https:\/\/www.mqeurope.com\/#\/schema\/logo\/image\/\",\"url\":\"https:\/\/www.mqeurope.com\/wp-content\/uploads\/2016\/02\/cropped-copy-logob.png\",\"contentUrl\":\"https:\/\/www.mqeurope.com\/wp-content\/uploads\/2016\/02\/cropped-copy-logob.png\",\"width\":325,\"height\":100,\"caption\":\"MQ Europe\"},\"image\":{\"@id\":\"https:\/\/www.mqeurope.com\/#\/schema\/logo\/image\/\"}}]}<\/script>\n<!-- \/ Yoast SEO plugin. -->","yoast_head_json":{"title":"- MQ Europe","robots":{"index":"index","follow":"follow","max-snippet":"max-snippet:-1","max-image-preview":"max-image-preview:large","max-video-preview":"max-video-preview:-1"},"canonical":"https:\/\/www.mqeurope.com\/product\/artis-5000-uv-led-a2\/","og_locale":"fr_FR","og_type":"article","og_title":"- MQ Europe","og_url":"https:\/\/www.mqeurope.com\/product\/artis-5000-uv-led-a2\/","og_site_name":"MQ Europe","article_modified_time":"2022-01-26T10:02:51+00:00","og_image":[{"width":560,"height":500,"url":"https:\/\/www.mqeurope.com\/wp-content\/uploads\/2020\/01\/artis5000Uimg1.jpg","type":"image\/jpeg"}],"twitter_card":"summary_large_image","twitter_misc":{"Est. reading time":"3 minutes"},"schema":{"@context":"https:\/\/schema.org","@graph":[{"@type":"WebPage","@id":"https:\/\/www.mqeurope.com\/product\/artis-5000-uv-led-a2\/","url":"https:\/\/www.mqeurope.com\/product\/artis-5000-uv-led-a2\/","name":"- MQ Europe","isPartOf":{"@id":"https:\/\/www.mqeurope.com\/#website"},"primaryImageOfPage":{"@id":"https:\/\/www.mqeurope.com\/product\/artis-5000-uv-led-a2\/#primaryimage"},"image":{"@id":"https:\/\/www.mqeurope.com\/product\/artis-5000-uv-led-a2\/#primaryimage"},"thumbnailUrl":"https:\/\/www.mqeurope.com\/wp-content\/uploads\/2020\/01\/artis5000Uimg1.jpg","datePublished":"2020-01-14T08:57:46+00:00","dateModified":"2022-01-26T10:02:51+00:00","breadcrumb":{"@id":"https:\/\/www.mqeurope.com\/product\/artis-5000-uv-led-a2\/#breadcrumb"},"inLanguage":"fr-FR","potentialAction":[{"@type":"ReadAction","target":["https:\/\/www.mqeurope.com\/product\/artis-5000-uv-led-a2\/"]}]},{"@type":"ImageObject","inLanguage":"fr-FR","@id":"https:\/\/www.mqeurope.com\/product\/artis-5000-uv-led-a2\/#primaryimage","url":"https:\/\/www.mqeurope.com\/wp-content\/uploads\/2020\/01\/artis5000Uimg1.jpg","contentUrl":"https:\/\/www.mqeurope.com\/wp-content\/uploads\/2020\/01\/artis5000Uimg1.jpg","width":560,"height":500},{"@type":"BreadcrumbList","@id":"https:\/\/www.mqeurope.com\/product\/artis-5000-uv-led-a2\/#breadcrumb","itemListElement":[{"@type":"ListItem","position":1,"name":"Home","item":"https:\/\/www.mqeurope.com\/"},{"@type":"ListItem","position":2,"name":"Shop","item":"https:\/\/www.mqeurope.com\/store\/"},{"@type":"ListItem","position":3,"name":"Artis 5000 UV Led A2+"}]},{"@type":"WebSite","@id":"https:\/\/www.mqeurope.com\/#website","url":"https:\/\/www.mqeurope.com\/","name":"MQ Europe","description":"","publisher":{"@id":"https:\/\/www.mqeurope.com\/#organization"},"potentialAction":[{"@type":"SearchAction","target":{"@type":"EntryPoint","urlTemplate":"https:\/\/www.mqeurope.com\/?s={search_term_string}"},"query-input":{"@type":"PropertyValueSpecification","valueRequired":true,"valueName":"search_term_string"}}],"inLanguage":"fr-FR"},{"@type":"Organization","@id":"https:\/\/www.mqeurope.com\/#organization","name":"MQ Europe","url":"https:\/\/www.mqeurope.com\/","logo":{"@type":"ImageObject","inLanguage":"fr-FR","@id":"https:\/\/www.mqeurope.com\/#\/schema\/logo\/image\/","url":"https:\/\/www.mqeurope.com\/wp-content\/uploads\/2016\/02\/cropped-copy-logob.png","contentUrl":"https:\/\/www.mqeurope.com\/wp-content\/uploads\/2016\/02\/cropped-copy-logob.png","width":325,"height":100,"caption":"MQ Europe"},"image":{"@id":"https:\/\/www.mqeurope.com\/#\/schema\/logo\/image\/"}}]}},"_links":{"self":[{"href":"https:\/\/www.mqeurope.com\/fr\/wp-json\/wp\/v2\/product\/1819","targetHints":{"allow":["GET"]}}],"collection":[{"href":"https:\/\/www.mqeurope.com\/fr\/wp-json\/wp\/v2\/product"}],"about":[{"href":"https:\/\/www.mqeurope.com\/fr\/wp-json\/wp\/v2\/types\/product"}],"wp:featuredmedia":[{"embeddable":true,"href":"https:\/\/www.mqeurope.com\/fr\/wp-json\/wp\/v2\/media\/2019"}],"wp:attachment":[{"href":"https:\/\/www.mqeurope.com\/fr\/wp-json\/wp\/v2\/media?parent=1819"}],"wp:term":[{"taxonomy":"product_brand","embeddable":true,"href":"https:\/\/www.mqeurope.com\/fr\/wp-json\/wp\/v2\/product_brand?post=1819"},{"taxonomy":"product_cat","embeddable":true,"href":"https:\/\/www.mqeurope.com\/fr\/wp-json\/wp\/v2\/product_cat?post=1819"},{"taxonomy":"product_tag","embeddable":true,"href":"https:\/\/www.mqeurope.com\/fr\/wp-json\/wp\/v2\/product_tag?post=1819"}],"curies":[{"name":"wp","href":"https:\/\/api.w.org\/{rel}","templated":true}]}}