{"id":2974,"date":"2022-11-03T12:31:34","date_gmt":"2022-11-03T12:31:34","guid":{"rendered":"https:\/\/www.mqeurope.com\/product\/mbo-4060-uv-led\/"},"modified":"2025-06-16T08:35:20","modified_gmt":"2025-06-16T08:35:20","slug":"mbo-4060-uv-led","status":"publish","type":"product","link":"https:\/\/www.mqeurope.com\/fr\/product\/mbo-4060-uv-led\/","title":{"rendered":"MBO 4060 UV Led"},"content":{"rendered":"\r\n<div class=\"wp-block-columns is-layout-flex wp-container-core-columns-is-layout-9d6595d7 wp-block-columns-is-layout-flex\">\r\n<div class=\"wp-block-column is-vertically-aligned-center is-layout-flow wp-block-column-is-layout-flow\">\r\n<h3 class=\"wp-block-heading\">Imprimante UV MBO 4060<\/h3>\r\n\r\n\r\n\r\n<p>Le MBO 4060 a une grande surface d\u2019impression de 30 cm de large x 50 cm de long x 20 cm de haut. Le capteur de hauteur automatique int\u00e9gr\u00e9 d\u00e9tecte les produits et positionne la table de mani\u00e8re \u00e0 ce qu\u2019ils se trouvent \u00e0 une distance optimale (1-3 mm) de la t\u00eate d\u2019impression pour des impressions de la meilleure qualit\u00e9 possible.<\/p>\r\n\r\n\r\n\r\n<p>Nos moules repositionnables permettent d\u2019imprimer facilement sur des produits de formes et de mat\u00e9riaux diff\u00e9rents. Il suffit de retirer un moule et d\u2019en ins\u00e9rer un nouveau pour passer d\u2019un produit \u00e0 un autre. La lampe UV-LED int\u00e9gr\u00e9e polym\u00e9rise les encres instantan\u00e9ment et cr\u00e9e des impressions durables et solides sur le m\u00e9tal, le verre, le bois, la pierre, le plastique, le tissu, le vinyle et bien d\u2019autres mat\u00e9riaux.<\/p>\r\n<\/div>\r\n\r\n\r\n\r\n<div class=\"wp-block-column is-layout-flow wp-block-column-is-layout-flow\"><\/div>\r\n<\/div>\r\n\r\n\r\n\r\n\r\n\r\n<div class=\"wp-block-columns is-layout-flex wp-container-core-columns-is-layout-9d6595d7 wp-block-columns-is-layout-flex\">\r\n<div class=\"wp-block-column is-layout-flow wp-block-column-is-layout-flow\" style=\"flex-basis: 66.66%;\">\r\n<ul class=\"wp-block-list\">\r\n<li>Avance \u00e0 cr\u00e9maill\u00e8re dent\u00e9e pour une impression de pr\u00e9cision.<\/li>\r\n\r\n\r\n\r\n<li>Commande par \u00e9cran tactile de la table et de la t\u00eate.<\/li>\r\n\r\n\r\n\r\n<li>Utilise des guides en aluminium frais\u00e9s pour augmenter la pr\u00e9cision et r\u00e9duire le bruit.<\/li>\r\n\r\n\r\n\r\n<li>Support en aluminium usin\u00e9 pour une meilleure stabilit\u00e9.<\/li>\r\n\r\n\r\n\r\n<li>Syst\u00e8me d\u2019alimentation en encre en vrac, plac\u00e9 \u00e0 l\u2019arri\u00e8re de la machine, avec des r\u00e9servoirs de 500 cc.<\/li>\r\n\r\n\r\n\r\n<li>Le logiciel met toutes les fonctions \u00e0 port\u00e9e de main, notamment : le r\u00e9glage manuel de la hauteur de la table, le r\u00e9glage automatique, le d\u00e9placement de la table d\u2019avant en arri\u00e8re et le nettoyage de la t\u00eate.<\/li>\r\n\r\n\r\n\r\n<li>Acc\u00e8s facile pour l\u2019entretien<\/li>\r\n\r\n\r\n\r\n<li>La table est ouverte \u00e0 l\u2019arri\u00e8re et \u00e0 l\u2019avant, ce qui permet de charger des produits volumineux. Acc\u00e8s facile pendant l\u2019impression pour le chargement et le d\u00e9chargement.<\/li>\r\n<\/ul>\r\n<\/div>\r\n\r\n\r\n\r\n<div class=\"wp-block-column is-layout-flow wp-block-column-is-layout-flow\" style=\"flex-basis: 33.33%;\">\r\n<figure class=\"wp-block-image alignfull size-full\"><img decoding=\"async\" class=\"wp-image-60\" src=\"https:\/\/mboprinters.com\/wp-content\/uploads\/2020\/03\/5d0f4c0ddabc8.jpg\" alt=\"\" \/><\/figure>\r\n<\/div>\r\n<\/div>\r\n\r\n\r\n\r\n\r\n\r\n<div class=\"wp-block-columns is-layout-flex wp-container-core-columns-is-layout-9d6595d7 wp-block-columns-is-layout-flex\">\r\n<div class=\"wp-block-column is-layout-flow wp-block-column-is-layout-flow\">\r\n<div class=\"wp-block-columns is-layout-flex wp-container-core-columns-is-layout-9d6595d7 wp-block-columns-is-layout-flex\">\r\n<div class=\"wp-block-column is-layout-flow wp-block-column-is-layout-flow\" style=\"flex-basis: 66.66%;\">\r\n<p><strong>Encres<\/strong><\/p>\r\n\r\n\r\n\r\n<p>La t\u00eate d\u2019impression MBO 4060 est compos\u00e9e de 6 canaux : 4 canaux pour les encres CMYK et 2 canaux pour l\u2019encre blanche.<\/p>\r\n\r\n\r\n\r\n<p><strong>Syst\u00e8me d\u2019encre en vrac<\/strong><\/p>\r\n\r\n\r\n\r\n<p>Toutes les encres sont aliment\u00e9es \u00e0 partir de r\u00e9servoirs d\u2019encre de 500 ml. Le syst\u00e8me d\u2019approvisionnement en encre en vrac r\u00e9duit le besoin de remplissage et d\u2019entretien et assure un d\u00e9bit d\u2019encre ininterrompu. Ajoutez simplement de l\u2019encre au r\u00e9servoir et vous \u00eates pr\u00eat \u00e0 continuer l\u2019impression, sans avoir \u00e0 retirer ou nettoyer les cartouches. Nos encres sont certifi\u00e9es non toxiques et les empreintes ont \u00e9t\u00e9 test\u00e9es et prouv\u00e9es s\u00fbres pour les b\u00e9b\u00e9s et tr\u00e8s durables.<\/p>\r\n\r\n\r\n\r\n<p>Un jeu d\u2019encres peut imprimer jusqu\u2019\u00e0 65 m\u00e8tres carr\u00e9s!<\/p>\r\n\r\n\r\n\r\n<p><strong>R\u00e9servoir d\u2019encre blanche avec agitateur<\/strong><\/p>\r\n\r\n\r\n\r\n<p>Gr\u00e2ce \u00e0 l\u2019encre blanche, vous pouvez imprimer directement sur presque tous les mat\u00e9riaux. Vous pouvez r\u00e9aliser des impressions blanches unies ou l\u2019utiliser comme base opaque pour des impressions en couleur.<\/p>\r\n\r\n\r\n\r\n<p><strong>Capteur de niveau d\u2019encre<\/strong><\/p>\r\n\r\n\r\n\r\n<p>Les r\u00e9servoirs d\u2019encre sont \u00e9quip\u00e9s d\u2019un capteur de niveau d\u2019encre qui vous avertit lorsqu\u2019il faut recharger l\u2019encre.<\/p>\r\n<\/div>\r\n\r\n\r\n\r\n<div class=\"wp-block-column is-layout-flow wp-block-column-is-layout-flow\" style=\"flex-basis: 33.33%;\"><\/div>\r\n<\/div>\r\n<\/div>\r\n<\/div>\r\n\r\n\r\n\r\n\r\n\r\n<p>MBO propose le logiciel avanc\u00e9 RIP et le programme Print, en fonction des besoins de votre entreprise. Parmi les fonctionnalit\u00e9s incluses dans le logiciel RIP, on peut citer :<\/p>\r\n\r\n\r\n\r\n<div class=\"wp-block-columns is-layout-flex wp-container-core-columns-is-layout-9d6595d7 wp-block-columns-is-layout-flex\">\r\n<div class=\"wp-block-column is-layout-flow wp-block-column-is-layout-flow\">\r\n<figure class=\"wp-block-image alignwide size-full\"><img decoding=\"async\" class=\"wp-image-64\" src=\"https:\/\/mboprinters.com\/wp-content\/uploads\/2020\/03\/5d0f4d0784b09.jpg\" alt=\"\" \/><\/figure>\r\n<\/div>\r\n\r\n\r\n\r\n<div class=\"wp-block-column is-layout-flow wp-block-column-is-layout-flow\">\r\n<ul class=\"wp-block-list\">\r\n<li>Configurations pr\u00e9d\u00e9finies pour divers substrats.<\/li>\r\n\r\n\r\n\r\n<li>Contr\u00f4le des fonctions de l\u2019imprimante et des param\u00e8tres des canaux<\/li>\r\n\r\n\r\n\r\n<li>R\u00e9glage de la densit\u00e9 de l\u2019encre, de la saturation et des contr\u00f4les de couleur<\/li>\r\n\r\n\r\n\r\n<li>Options d\u2019encre blanche : couverture compl\u00e8te du fond\/blanc pur\/couleur   blanc   couleur<\/li>\r\n\r\n\r\n\r\n<li>Vous pouvez ajouter vos propres profils de couleur ICC au RIP.<\/li>\r\n\r\n\r\n\r\n<li>Permet de cr\u00e9er des mod\u00e8les pour le positionnement des produits<\/li>\r\n\r\n\r\n\r\n<li>La fonction de r\u00e9p\u00e9tition vous permet de copier des maquettes pour l\u2019impression de plusieurs produits.<\/li>\r\n\r\n\r\n\r\n<li>Contr\u00f4le de la taille des points pour am\u00e9liorer les impressions sur les surfaces courbes ou irr\u00e9guli\u00e8res.<\/li>\r\n\r\n\r\n\r\n<li>Param\u00e8tres de r\u00e9solution :\r\n<ul class=\"wp-block-list\">\r\n<li>720\u00d71440 \u2013 photo, d\u00e9tails fins<\/li>\r\n\r\n\r\n\r\n<li>720\u00d72160 \u2013 photo, d\u00e9tails tr\u00e8s fins, haute qualit\u00e9, substrats lisses.<\/li>\r\n<\/ul>\r\n<\/li>\r\n<\/ul>\r\n<\/div>\r\n<\/div>\r\n\r\n\r\n\r\n<div class=\"wp-block-spacer\" style=\"height: 53px;\" aria-hidden=\"true\">\u00a0<\/div>\r\n\r\n\r\n\r\n<div class=\"wp-block-columns is-layout-flex wp-container-core-columns-is-layout-9d6595d7 wp-block-columns-is-layout-flex\">\r\n<div class=\"wp-block-column is-layout-flow wp-block-column-is-layout-flow\">\u00a0<\/div>\r\n\r\n\r\n\r\n<div class=\"wp-block-column is-layout-flow wp-block-column-is-layout-flow\">\r\n<div class=\"wp-block-buttons is-layout-flex wp-block-buttons-is-layout-flex\">\r\n<div class=\"wp-block-button aligncenter has-custom-width wp-block-button__width-100 has-custom-font-size is-style-fill has-medium-font-size has-tablet-text-align-center has-mobile-text-align-center\"><a class=\"wp-block-button__link has-white-color has-text-color has-background wp-element-button\" style=\"border-radius: 0px; background-color: #257f87;\" href=\"https:\/\/mboprinters.com\/contact\">Demander des informations<\/a><\/div>\r\n<\/div>\r\n<\/div>\r\n\r\n\r\n\r\n<div class=\"wp-block-column is-layout-flow wp-block-column-is-layout-flow\">\u00a0<\/div>\r\n<\/div>\r\n","protected":false},"excerpt":{"rendered":"<div class=\"vc_row wpb_row vc_row-fluid\">\n<div class=\"wpb_column vc_column_container vc_col-sm-12\">\n<div class=\"vc_column-inner\">\n<div class=\"wpb_wrapper\">\n<div class=\"wpb_text_column wpb_content_element \">\n<div class=\"wpb_wrapper\">\n<p>La MBO 4060 est une imprimante UV pr\u00e9sentant le meilleur rapport prix\/performance du march\u00e9.<\/p>\n<p>La technologie des encres \u00e0 s\u00e9chage UV, associ\u00e9e \u00e0 une lampe UV-LED, permet d\u2019obtenir des impressions aux couleurs et aux textures \u00e9clatantes, avec une grande robustesse et r\u00e9sistance sur tous les types de substrats, qu\u2019ils soient clairs ou fonc\u00e9s.<\/p>\n<\/div>\n<\/div>\n<\/div>\n<\/div>\n<\/div>\n<\/div>\n<div class=\"vc_row wpb_row vc_row-fluid\">\n<div class=\"wpb_column vc_column_container vc_col-sm-6\">\n<div class=\"vc_column-inner\">\n<div class=\"wpb_wrapper\">\u00a0<\/div>\n<\/div>\n<\/div>\n<\/div>\n<p><!-- wp:buttons --><\/p>\n<div class=\"wp-block-buttons\">\n<div class=\"wp-block-button aligncenter has-custom-width wp-block-button__width-100 has-custom-font-size is-style-fill has-medium-font-size has-tablet-text-align-center has-mobile-text-align-center\"><a class=\"wp-block-button__link has-white-color has-text-color has-background wp-element-button\" style=\"border-radius: 0px; background-color: #257f87;\" href=\"https:\/\/mboprinters.com\/contact\">Demander des informations<\/a><\/div>\n<\/div>\n<div>\u00a0<\/div>\n<ul>\n<li>D\u00e9lai de livraison : entre 2 et 8 semaines<\/li>\n<\/ul>\n<p>&nbsp;<\/p>\n<p><!-- \/wp:buttons --><\/p>\n","protected":false},"featured_media":2975,"template":"","meta":{"_joinchat":[]},"product_brand":[],"product_cat":[67],"product_tag":[],"class_list":{"0":"post-2974","1":"product","2":"type-product","3":"status-publish","4":"has-post-thumbnail","6":"product_cat-uv-flatbed","8":"first","9":"instock","10":"featured","11":"taxable","12":"shipping-taxable","13":"product-type-simple"},"translation":{"provider":"WPGlobus","version":"3.0.2","language":"fr","enabled_languages":["en","nl","fr"],"languages":{"en":{"title":true,"content":true,"excerpt":true},"nl":{"title":false,"content":false,"excerpt":false},"fr":{"title":false,"content":true,"excerpt":true}}},"yoast_head":"<!-- This site is optimized with the Yoast SEO plugin v26.9 - https:\/\/yoast.com\/product\/yoast-seo-wordpress\/ -->\n<title>MBO 4060 UV Led - MQ Europe<\/title>\n<meta name=\"robots\" content=\"index, follow, max-snippet:-1, max-image-preview:large, max-video-preview:-1\" \/>\n<link rel=\"canonical\" href=\"https:\/\/www.mqeurope.com\/product\/mbo-4060-uv-led\/\" \/>\n<meta property=\"og:locale\" content=\"fr_FR\" \/>\n<meta property=\"og:type\" content=\"article\" \/>\n<meta property=\"og:title\" content=\"MBO 4060 UV Led - MQ Europe\" \/>\n<meta property=\"og:url\" content=\"https:\/\/www.mqeurope.com\/product\/mbo-4060-uv-led\/\" \/>\n<meta property=\"og:site_name\" content=\"MQ Europe\" \/>\n<meta property=\"article:modified_time\" content=\"2025-06-16T08:35:20+00:00\" \/>\n<meta property=\"og:image\" content=\"https:\/\/www.mqeurope.com\/wp-content\/uploads\/2025\/02\/mbo4060-1.jpg\" \/>\n\t<meta property=\"og:image:width\" content=\"1181\" \/>\n\t<meta property=\"og:image:height\" content=\"1181\" \/>\n\t<meta property=\"og:image:type\" content=\"image\/jpeg\" \/>\n<meta name=\"twitter:card\" content=\"summary_large_image\" \/>\n<meta name=\"twitter:label1\" content=\"Est. reading time\" \/>\n\t<meta name=\"twitter:data1\" content=\"11 minutes\" \/>\n<script type=\"application\/ld+json\" class=\"yoast-schema-graph\">{\"@context\":\"https:\/\/schema.org\",\"@graph\":[{\"@type\":\"WebPage\",\"@id\":\"https:\/\/www.mqeurope.com\/product\/mbo-4060-uv-led\/\",\"url\":\"https:\/\/www.mqeurope.com\/product\/mbo-4060-uv-led\/\",\"name\":\"MBO 4060 UV Led - MQ Europe\",\"isPartOf\":{\"@id\":\"https:\/\/www.mqeurope.com\/#website\"},\"primaryImageOfPage\":{\"@id\":\"https:\/\/www.mqeurope.com\/product\/mbo-4060-uv-led\/#primaryimage\"},\"image\":{\"@id\":\"https:\/\/www.mqeurope.com\/product\/mbo-4060-uv-led\/#primaryimage\"},\"thumbnailUrl\":\"https:\/\/www.mqeurope.com\/wp-content\/uploads\/2025\/02\/mbo4060-1.jpg\",\"datePublished\":\"2022-11-03T12:31:34+00:00\",\"dateModified\":\"2025-06-16T08:35:20+00:00\",\"breadcrumb\":{\"@id\":\"https:\/\/www.mqeurope.com\/product\/mbo-4060-uv-led\/#breadcrumb\"},\"inLanguage\":\"fr-FR\",\"potentialAction\":[{\"@type\":\"ReadAction\",\"target\":[\"https:\/\/www.mqeurope.com\/product\/mbo-4060-uv-led\/\"]}]},{\"@type\":\"ImageObject\",\"inLanguage\":\"fr-FR\",\"@id\":\"https:\/\/www.mqeurope.com\/product\/mbo-4060-uv-led\/#primaryimage\",\"url\":\"https:\/\/www.mqeurope.com\/wp-content\/uploads\/2025\/02\/mbo4060-1.jpg\",\"contentUrl\":\"https:\/\/www.mqeurope.com\/wp-content\/uploads\/2025\/02\/mbo4060-1.jpg\",\"width\":1181,\"height\":1181,\"caption\":\"orem ipsum dolor sit amet\"},{\"@type\":\"BreadcrumbList\",\"@id\":\"https:\/\/www.mqeurope.com\/product\/mbo-4060-uv-led\/#breadcrumb\",\"itemListElement\":[{\"@type\":\"ListItem\",\"position\":1,\"name\":\"Home\",\"item\":\"https:\/\/www.mqeurope.com\/\"},{\"@type\":\"ListItem\",\"position\":2,\"name\":\"Shop\",\"item\":\"https:\/\/www.mqeurope.com\/store\/\"},{\"@type\":\"ListItem\",\"position\":3,\"name\":\"MBO 4060 UV Led\"}]},{\"@type\":\"WebSite\",\"@id\":\"https:\/\/www.mqeurope.com\/#website\",\"url\":\"https:\/\/www.mqeurope.com\/\",\"name\":\"MQ Europe\",\"description\":\"\",\"publisher\":{\"@id\":\"https:\/\/www.mqeurope.com\/#organization\"},\"potentialAction\":[{\"@type\":\"SearchAction\",\"target\":{\"@type\":\"EntryPoint\",\"urlTemplate\":\"https:\/\/www.mqeurope.com\/?s={search_term_string}\"},\"query-input\":{\"@type\":\"PropertyValueSpecification\",\"valueRequired\":true,\"valueName\":\"search_term_string\"}}],\"inLanguage\":\"fr-FR\"},{\"@type\":\"Organization\",\"@id\":\"https:\/\/www.mqeurope.com\/#organization\",\"name\":\"MQ Europe\",\"url\":\"https:\/\/www.mqeurope.com\/\",\"logo\":{\"@type\":\"ImageObject\",\"inLanguage\":\"fr-FR\",\"@id\":\"https:\/\/www.mqeurope.com\/#\/schema\/logo\/image\/\",\"url\":\"https:\/\/www.mqeurope.com\/wp-content\/uploads\/2016\/02\/cropped-copy-logob.png\",\"contentUrl\":\"https:\/\/www.mqeurope.com\/wp-content\/uploads\/2016\/02\/cropped-copy-logob.png\",\"width\":325,\"height\":100,\"caption\":\"MQ Europe\"},\"image\":{\"@id\":\"https:\/\/www.mqeurope.com\/#\/schema\/logo\/image\/\"}}]}<\/script>\n<!-- \/ Yoast SEO plugin. -->","yoast_head_json":{"title":"MBO 4060 UV Led - MQ Europe","robots":{"index":"index","follow":"follow","max-snippet":"max-snippet:-1","max-image-preview":"max-image-preview:large","max-video-preview":"max-video-preview:-1"},"canonical":"https:\/\/www.mqeurope.com\/product\/mbo-4060-uv-led\/","og_locale":"fr_FR","og_type":"article","og_title":"MBO 4060 UV Led - MQ Europe","og_url":"https:\/\/www.mqeurope.com\/product\/mbo-4060-uv-led\/","og_site_name":"MQ Europe","article_modified_time":"2025-06-16T08:35:20+00:00","og_image":[{"width":1181,"height":1181,"url":"https:\/\/www.mqeurope.com\/wp-content\/uploads\/2025\/02\/mbo4060-1.jpg","type":"image\/jpeg"}],"twitter_card":"summary_large_image","twitter_misc":{"Est. reading time":"11 minutes"},"schema":{"@context":"https:\/\/schema.org","@graph":[{"@type":"WebPage","@id":"https:\/\/www.mqeurope.com\/product\/mbo-4060-uv-led\/","url":"https:\/\/www.mqeurope.com\/product\/mbo-4060-uv-led\/","name":"MBO 4060 UV Led - MQ Europe","isPartOf":{"@id":"https:\/\/www.mqeurope.com\/#website"},"primaryImageOfPage":{"@id":"https:\/\/www.mqeurope.com\/product\/mbo-4060-uv-led\/#primaryimage"},"image":{"@id":"https:\/\/www.mqeurope.com\/product\/mbo-4060-uv-led\/#primaryimage"},"thumbnailUrl":"https:\/\/www.mqeurope.com\/wp-content\/uploads\/2025\/02\/mbo4060-1.jpg","datePublished":"2022-11-03T12:31:34+00:00","dateModified":"2025-06-16T08:35:20+00:00","breadcrumb":{"@id":"https:\/\/www.mqeurope.com\/product\/mbo-4060-uv-led\/#breadcrumb"},"inLanguage":"fr-FR","potentialAction":[{"@type":"ReadAction","target":["https:\/\/www.mqeurope.com\/product\/mbo-4060-uv-led\/"]}]},{"@type":"ImageObject","inLanguage":"fr-FR","@id":"https:\/\/www.mqeurope.com\/product\/mbo-4060-uv-led\/#primaryimage","url":"https:\/\/www.mqeurope.com\/wp-content\/uploads\/2025\/02\/mbo4060-1.jpg","contentUrl":"https:\/\/www.mqeurope.com\/wp-content\/uploads\/2025\/02\/mbo4060-1.jpg","width":1181,"height":1181,"caption":"orem ipsum dolor sit amet"},{"@type":"BreadcrumbList","@id":"https:\/\/www.mqeurope.com\/product\/mbo-4060-uv-led\/#breadcrumb","itemListElement":[{"@type":"ListItem","position":1,"name":"Home","item":"https:\/\/www.mqeurope.com\/"},{"@type":"ListItem","position":2,"name":"Shop","item":"https:\/\/www.mqeurope.com\/store\/"},{"@type":"ListItem","position":3,"name":"MBO 4060 UV Led"}]},{"@type":"WebSite","@id":"https:\/\/www.mqeurope.com\/#website","url":"https:\/\/www.mqeurope.com\/","name":"MQ Europe","description":"","publisher":{"@id":"https:\/\/www.mqeurope.com\/#organization"},"potentialAction":[{"@type":"SearchAction","target":{"@type":"EntryPoint","urlTemplate":"https:\/\/www.mqeurope.com\/?s={search_term_string}"},"query-input":{"@type":"PropertyValueSpecification","valueRequired":true,"valueName":"search_term_string"}}],"inLanguage":"fr-FR"},{"@type":"Organization","@id":"https:\/\/www.mqeurope.com\/#organization","name":"MQ Europe","url":"https:\/\/www.mqeurope.com\/","logo":{"@type":"ImageObject","inLanguage":"fr-FR","@id":"https:\/\/www.mqeurope.com\/#\/schema\/logo\/image\/","url":"https:\/\/www.mqeurope.com\/wp-content\/uploads\/2016\/02\/cropped-copy-logob.png","contentUrl":"https:\/\/www.mqeurope.com\/wp-content\/uploads\/2016\/02\/cropped-copy-logob.png","width":325,"height":100,"caption":"MQ Europe"},"image":{"@id":"https:\/\/www.mqeurope.com\/#\/schema\/logo\/image\/"}}]}},"_links":{"self":[{"href":"https:\/\/www.mqeurope.com\/fr\/wp-json\/wp\/v2\/product\/2974","targetHints":{"allow":["GET"]}}],"collection":[{"href":"https:\/\/www.mqeurope.com\/fr\/wp-json\/wp\/v2\/product"}],"about":[{"href":"https:\/\/www.mqeurope.com\/fr\/wp-json\/wp\/v2\/types\/product"}],"wp:featuredmedia":[{"embeddable":true,"href":"https:\/\/www.mqeurope.com\/fr\/wp-json\/wp\/v2\/media\/2975"}],"wp:attachment":[{"href":"https:\/\/www.mqeurope.com\/fr\/wp-json\/wp\/v2\/media?parent=2974"}],"wp:term":[{"taxonomy":"product_brand","embeddable":true,"href":"https:\/\/www.mqeurope.com\/fr\/wp-json\/wp\/v2\/product_brand?post=2974"},{"taxonomy":"product_cat","embeddable":true,"href":"https:\/\/www.mqeurope.com\/fr\/wp-json\/wp\/v2\/product_cat?post=2974"},{"taxonomy":"product_tag","embeddable":true,"href":"https:\/\/www.mqeurope.com\/fr\/wp-json\/wp\/v2\/product_tag?post=2974"}],"curies":[{"name":"wp","href":"https:\/\/api.w.org\/{rel}","templated":true}]}}