{"id":3373,"date":"2024-11-07T07:27:42","date_gmt":"2024-11-07T07:27:42","guid":{"rendered":"https:\/\/www.mqeurope.com\/product\/mbo-uv1812\/"},"modified":"2025-02-10T07:35:30","modified_gmt":"2025-02-10T07:35:30","slug":"mbo-uv1812","status":"publish","type":"product","link":"https:\/\/www.mqeurope.com\/fr\/product\/mbo-uv1812\/","title":{"rendered":"MBO-UV1812"},"content":{"rendered":"<h3><b>Caract\u00e9ristiques<\/b><\/h3>\n<ul>\n<li style=\"font-weight: 400;\" aria-level=\"1\"><span style=\"font-weight: 400;\">Structure en acier complet, plateau en alliage d&#8217;aluminium avec surface usin\u00e9e et pi\u00e8ces frais\u00e9es.<\/span><\/li>\n<li style=\"font-weight: 400;\" aria-level=\"1\"><span style=\"font-weight: 400;\">Trois t\u00eates d&#8217;impression de pr\u00e9cision pour maximiser la vitesse et la qualit\u00e9 des couleurs.<\/span><\/li>\n<li style=\"font-weight: 400;\" aria-level=\"1\"><span style=\"font-weight: 400;\">Quatre lampes UV-LED avec syst\u00e8me de refroidissement par eau.<\/span><\/li>\n<li style=\"font-weight: 400;\" aria-level=\"1\"><span style=\"font-weight: 400;\">Zone d&#8217;impression traitable de 180 x 120 cm et une hauteur libre de 15 cm.<\/span><\/li>\n<li style=\"font-weight: 400;\" aria-level=\"1\"><span style=\"font-weight: 400;\">Syst\u00e8me d&#8217;alimentation en encre en vrac pour faciliter l&#8217;entretien et le remplissage d&#8217;encre.<\/span><\/li>\n<li style=\"font-weight: 400;\" aria-level=\"1\"><span style=\"font-weight: 400;\">Plateau de vide int\u00e9gr\u00e9 pour maintenir les substrats plats et l\u00e9gers en place.<\/span><\/li>\n<li style=\"font-weight: 400;\" aria-level=\"1\"><span style=\"font-weight: 400;\">Plateau ouvert \u00e0 l&#8217;avant et \u00e0 l&#8217;arri\u00e8re, permettant le chargement de produits surdimensionn\u00e9s et l&#8217;acc\u00e8s pendant les impressions pour un chargement et un d\u00e9chargement continus.<\/span><\/li>\n<li style=\"font-weight: 400;\" aria-level=\"1\"><span style=\"font-weight: 400;\">Dimensions approximatives de l&#8217;imprimante : 259 cm (L) x 168 cm (P) x 128 cm (H) ; Poids : env. 700 kg.<\/span><\/li>\n<li style=\"font-weight: 400;\" aria-level=\"1\"><span style=\"font-weight: 400;\">Poids d&#8217;exp\u00e9dition env. 800 kg\/8 CBM.<\/span><\/li>\n<\/ul>\n<p><iframe loading=\"lazy\" title=\"MBO UV2512G UV Led Large printer with Ricoh GEN5 head\" width=\"750\" height=\"422\" src=\"https:\/\/www.youtube.com\/embed\/2dI-Hd0nl28?feature=oembed\" frameborder=\"0\" allow=\"accelerometer; autoplay; clipboard-write; encrypted-media; gyroscope; picture-in-picture; web-share\" referrerpolicy=\"strict-origin-when-cross-origin\" allowfullscreen><\/iframe><\/p>\n<h3><b>Sp\u00e9cifications de l&#8217;imprimante<\/b><\/h3>\n<ul>\n<li style=\"font-weight: 400;\" aria-level=\"1\"><b>Mod\u00e8le d&#8217;imprimante<\/b><span style=\"font-weight: 400;\"> : MBO-UV1812<\/span><\/li>\n<li style=\"font-weight: 400;\" aria-level=\"1\"><b>T\u00eate d&#8217;impression<\/b><span style=\"font-weight: 400;\"> : 2 ou 3 t\u00eates Epson TX800\/XP600\/DX7\/DX5\/i3200-U1\/i1600-U1<\/span><\/li>\n<li style=\"font-weight: 400;\" aria-level=\"1\"><b>Encre<\/b><span style=\"font-weight: 400;\"> : CMYK   (LC LM)   Blanc   Vernis ou CMYK Double   Blanc   Vernis<\/span><\/li>\n<li style=\"font-weight: 400;\" aria-level=\"1\"><b>Vitesse d&#8217;impression<\/b><span style=\"font-weight: 400;\"> : 2-10 m\u00b2 par heure<\/span><\/li>\n<li style=\"font-weight: 400;\" aria-level=\"1\"><b>Taille d&#8217;impression<\/b><span style=\"font-weight: 400;\"> : Max. 180 x 120 cm<\/span><\/li>\n<li style=\"font-weight: 400;\" aria-level=\"1\"><b>Hauteur d&#8217;impression<\/b><span style=\"font-weight: 400;\"> : Max. 15 cm<\/span><\/li>\n<li style=\"font-weight: 400;\" aria-level=\"1\"><b>Dispositif rotatif<\/b><span style=\"font-weight: 400;\"> : Optionnel<\/span><\/li>\n<li style=\"font-weight: 400;\" aria-level=\"1\"><b>R\u00e9solution d&#8217;impression<\/b><span style=\"font-weight: 400;\"> : 360&#215;1080\/360&#215;1440\/720&#215;1080\/720&#215;1440\/720&#215;2160 dpi<\/span><\/li>\n<li style=\"font-weight: 400;\" aria-level=\"1\"><b>Logiciel RIP<\/b><span style=\"font-weight: 400;\"> : Maintop 6.0 ou Photoprint 12<\/span><\/li>\n<li style=\"font-weight: 400;\" aria-level=\"1\"><b>Syst\u00e8me de nettoyage<\/b><span style=\"font-weight: 400;\"> : Syst\u00e8me de nettoyage automatique<\/span><\/li>\n<li style=\"font-weight: 400;\" aria-level=\"1\"><b>Syst\u00e8me de circulation d&#8217;encre blanche<\/b><span style=\"font-weight: 400;\"> : Oui<\/span><\/li>\n<li style=\"font-weight: 400;\" aria-level=\"1\"><b>Syst\u00e8me d&#8217;alimentation en encre<\/b><span style=\"font-weight: 400;\"> : R\u00e9servoir en vrac ouvert avec dispositif d&#8217;alarme de niveau bas<\/span><\/li>\n<li style=\"font-weight: 400;\" aria-level=\"1\"><b>Dimensions de l&#8217;imprimante<\/b><span style=\"font-weight: 400;\"> : 2590 x 1680 x 1280 mm<\/span><\/li>\n<li style=\"font-weight: 400;\" aria-level=\"1\"><b>Exigences du syst\u00e8me informatique<\/b><span style=\"font-weight: 400;\"> : Windows 7\/10 64 bits<\/span><\/li>\n<li style=\"font-weight: 400;\" aria-level=\"1\"><b>Port de connexion<\/b><span style=\"font-weight: 400;\"> : USB 2.0\/3.0<\/span><\/li>\n<li style=\"font-weight: 400;\" aria-level=\"1\"><b>Syst\u00e8me de refroidissement<\/b><span style=\"font-weight: 400;\"> : Refroidissement par circulation d&#8217;eau<\/span><\/li>\n<li style=\"font-weight: 400;\" aria-level=\"1\"><b>Marque du moteur<\/b><span> : Servo Leadshine<\/span><\/li>\n<\/ul>\n<div id='gallery-1' class='gallery galleryid-3373 gallery-columns-3 gallery-size-medium'><figure class='gallery-item'>\n\t\t\t<div class='gallery-icon landscape'>\n\t\t\t\t<a href='https:\/\/www.mqeurope.com\/fr\/?attachment_id=3371'><img loading=\"lazy\" decoding=\"async\" width=\"300\" height=\"245\" src=\"https:\/\/www.mqeurope.com\/wp-content\/uploads\/2025\/02\/g2513mbo.jpeg\" class=\"attachment-medium size-medium\" alt=\"\" \/><\/a>\n\t\t\t<\/div><\/figure><figure class='gallery-item'>\n\t\t\t<div class='gallery-icon landscape'>\n\t\t\t\t<a href='https:\/\/www.mqeurope.com\/fr\/?attachment_id=3370'><img loading=\"lazy\" decoding=\"async\" width=\"300\" height=\"300\" src=\"https:\/\/www.mqeurope.com\/wp-content\/uploads\/2025\/02\/mbo2513.jpg\" class=\"attachment-medium size-medium\" alt=\"\" srcset=\"https:\/\/www.mqeurope.com\/wp-content\/uploads\/2025\/02\/mbo2513.jpg 1181w, https:\/\/www.mqeurope.com\/wp-content\/uploads\/2025\/02\/mbo2513-300x300.jpg 300w, https:\/\/www.mqeurope.com\/wp-content\/uploads\/2025\/02\/mbo2513-100x100.jpg 100w, https:\/\/www.mqeurope.com\/wp-content\/uploads\/2025\/02\/mbo2513-600x600.jpg 600w\" sizes=\"auto, (max-width: 300px) 100vw, 300px\" \/><\/a>\n\t\t\t<\/div><\/figure>\n\t\t<\/div>\n\n<h3><b>Capacit\u00e9s d&#8217;encre<\/b><\/h3>\n<p><span style=\"font-weight: 400;\">Le nouveau syst\u00e8me d&#8217;encre inclut 18 canaux : 6 pour les encres CMYK LC LM, 6 pour les encres blanches et 6 pour le vernis. Ce syst\u00e8me r\u00e9duit la n\u00e9cessit\u00e9 de recharges et facilite l&#8217;entretien, garantissant un flux d&#8217;encre continu. L&#8217;encre produit peu de fum\u00e9es, donc aucun syst\u00e8me de ventilation co\u00fbteux n&#8217;est n\u00e9cessaire.<\/span><\/p>\n<p><b>Fonction de vernis<\/b><\/p>\n<p><span style=\"font-weight: 400;\">La fonction de vernis offre une finition brillante et un effet artistique 3D sp\u00e9cial.<\/span><\/p>\n<p><b>Syst\u00e8me d&#8217;alarme de manque d&#8217;encre<\/b><\/p>\n<p><span style=\"font-weight: 400;\">L&#8217;imprimante est \u00e9quip\u00e9e d&#8217;un syst\u00e8me d&#8217;alarme pour rappeler le rechargement lorsque le niveau d&#8217;encre est bas.<\/span><\/p>\n<h3><img loading=\"lazy\" decoding=\"async\" class=\"alignnone wp-image-3376 size-full\" style=\"font-size: 16px;\" src=\"https:\/\/mboprinters.com\/wp-content\/uploads\/2024\/11\/1812mbo.jpeg\" alt=\"\" width=\"587\" height=\"480\" \/><\/h3>\n<h3><b>Caract\u00e9ristiques de production<\/b><\/h3>\n<p><span style=\"font-weight: 400;\">La MBO-UV1812 permet d&#8217;imprimer sur une grande zone de 6 x 4 pieds x 6&#8221; H. Son capteur de hauteur automatique ajuste le plateau pour maintenir la meilleure distance entre la t\u00eate d&#8217;impression et le produit (1-3 mm), optimisant la qualit\u00e9 d&#8217;impression. Les accessoires de plateau interchangeables facilitent l&#8217;impression sur des produits de diff\u00e9rentes formes et mat\u00e9riaux.<\/span><\/p>\n<h3><b>Logiciel<\/b><\/h3>\n<p><span style=\"font-weight: 400;\">MBO propose le logiciel avanc\u00e9 Maintop RIP (\u00e9galement compatible avec Photoprint) et un syst\u00e8me de contr\u00f4le intelligent, avec des fonctionnalit\u00e9s telles que :<\/span><\/p>\n<ul>\n<li style=\"font-weight: 400;\" aria-level=\"1\"><span style=\"font-weight: 400;\">Param\u00e8tres pr\u00e9d\u00e9finis pour divers substrats<\/span><\/li>\n<li style=\"font-weight: 400;\" aria-level=\"1\"><span style=\"font-weight: 400;\">Contr\u00f4le des fonctions et canaux de l&#8217;imprimante<\/span><\/li>\n<li style=\"font-weight: 400;\" aria-level=\"1\"><span style=\"font-weight: 400;\">Options d&#8217;encre blanche : couverture de fond complet \/ blanc ponctuel<\/span><\/li>\n<li style=\"font-weight: 400;\" aria-level=\"1\"><span style=\"font-weight: 400;\">Support pour impression unidirectionnelle ou bidirectionnelle<\/span><\/li>\n<li style=\"font-weight: 400;\" aria-level=\"1\"><span style=\"font-weight: 400;\">R\u00e9solutions disponibles :<\/span>\n<ul>\n<li style=\"font-weight: 400;\" aria-level=\"2\"><span style=\"font-weight: 400;\">360\/720&#215;1080 pour les d\u00e9tails photographiques<\/span><\/li>\n<li style=\"font-weight: 400;\" aria-level=\"2\"><span style=\"font-weight: 400;\">360\/720&#215;1440 pour des d\u00e9tails tr\u00e8s fins sur des substrats lisses<\/span><\/li>\n<\/ul>\n<\/li>\n<\/ul>\n<h3><b>Assistance technique<\/b><\/h3>\n<p><span style=\"font-weight: 400;\">MBO fournit une formation \u00e0 distance et une garantie d&#8217;un an sur la MBO-UV1812. Nous offrons un support technique de haute qualit\u00e9 par t\u00e9l\u00e9phone, e-mail, chat en direct et vid\u00e9o Skype.<\/span><\/p>\n","protected":false},"excerpt":{"rendered":"<h2><span style=\"font-weight: 400;\">Imprimante UV-LED Directe sur Substrat MBO-UV1812<\/span><\/h2>\n<p><span style=\"font-weight: 400;\">L&#8217;imprimante UV MBO-UV1812 combine une haute vitesse de production avec une plus grande capacit\u00e9 d&#8217;impression, avec une taille d&#8217;impression maximale de 180 x 120 cm (6 x 4 pieds). \u00c9quip\u00e9e de composants robustes, de plusieurs t\u00eates d&#8217;impression haute performance et d&#8217;une configuration d&#8217;encres UV (CMYK LC LM   Blanc   Vernis ou CMYK Double   Blanc   Vernis), cette imprimante permet des impressions vibrantes et textur\u00e9es sur une grande vari\u00e9t\u00e9 de substrats.<\/span><\/p>\n","protected":false},"featured_media":3374,"template":"","meta":{"_joinchat":[]},"product_brand":[],"product_cat":[131],"product_tag":[],"class_list":{"0":"post-3373","1":"product","2":"type-product","3":"status-publish","4":"has-post-thumbnail","6":"product_cat-uv-led-large-format","8":"first","9":"instock","10":"taxable","11":"shipping-taxable","12":"product-type-simple"},"translation":{"provider":"WPGlobus","version":"3.0.2","language":"fr","enabled_languages":["en","nl","fr"],"languages":{"en":{"title":true,"content":true,"excerpt":true},"nl":{"title":false,"content":false,"excerpt":false},"fr":{"title":true,"content":true,"excerpt":true}}},"yoast_head":"<!-- This site is optimized with the Yoast SEO plugin v26.9 - https:\/\/yoast.com\/product\/yoast-seo-wordpress\/ -->\n<title>MBO-UV1812 - MQ Europe<\/title>\n<meta name=\"robots\" content=\"index, follow, max-snippet:-1, max-image-preview:large, max-video-preview:-1\" \/>\n<link rel=\"canonical\" href=\"https:\/\/www.mqeurope.com\/product\/mbo-uv1812\/\" \/>\n<meta property=\"og:locale\" content=\"fr_FR\" \/>\n<meta property=\"og:type\" content=\"article\" \/>\n<meta property=\"og:title\" content=\"MBO-UV1812 - MQ Europe\" \/>\n<meta property=\"og:url\" content=\"https:\/\/www.mqeurope.com\/product\/mbo-uv1812\/\" \/>\n<meta property=\"og:site_name\" content=\"MQ Europe\" \/>\n<meta property=\"article:modified_time\" content=\"2025-02-10T07:35:30+00:00\" \/>\n<meta property=\"og:image\" content=\"https:\/\/www.mqeurope.com\/wp-content\/uploads\/2025\/02\/mbo1812.jpg\" \/>\n\t<meta property=\"og:image:width\" content=\"1181\" \/>\n\t<meta property=\"og:image:height\" content=\"1181\" \/>\n\t<meta property=\"og:image:type\" content=\"image\/jpeg\" \/>\n<meta name=\"twitter:card\" content=\"summary_large_image\" \/>\n<meta name=\"twitter:label1\" content=\"Est. reading time\" \/>\n\t<meta name=\"twitter:data1\" content=\"11 minutes\" \/>\n<script type=\"application\/ld+json\" class=\"yoast-schema-graph\">{\"@context\":\"https:\/\/schema.org\",\"@graph\":[{\"@type\":\"WebPage\",\"@id\":\"https:\/\/www.mqeurope.com\/product\/mbo-uv1812\/\",\"url\":\"https:\/\/www.mqeurope.com\/product\/mbo-uv1812\/\",\"name\":\"MBO-UV1812 - MQ Europe\",\"isPartOf\":{\"@id\":\"https:\/\/www.mqeurope.com\/#website\"},\"primaryImageOfPage\":{\"@id\":\"https:\/\/www.mqeurope.com\/product\/mbo-uv1812\/#primaryimage\"},\"image\":{\"@id\":\"https:\/\/www.mqeurope.com\/product\/mbo-uv1812\/#primaryimage\"},\"thumbnailUrl\":\"https:\/\/www.mqeurope.com\/wp-content\/uploads\/2025\/02\/mbo1812.jpg\",\"datePublished\":\"2024-11-07T07:27:42+00:00\",\"dateModified\":\"2025-02-10T07:35:30+00:00\",\"breadcrumb\":{\"@id\":\"https:\/\/www.mqeurope.com\/product\/mbo-uv1812\/#breadcrumb\"},\"inLanguage\":\"fr-FR\",\"potentialAction\":[{\"@type\":\"ReadAction\",\"target\":[\"https:\/\/www.mqeurope.com\/product\/mbo-uv1812\/\"]}]},{\"@type\":\"ImageObject\",\"inLanguage\":\"fr-FR\",\"@id\":\"https:\/\/www.mqeurope.com\/product\/mbo-uv1812\/#primaryimage\",\"url\":\"https:\/\/www.mqeurope.com\/wp-content\/uploads\/2025\/02\/mbo1812.jpg\",\"contentUrl\":\"https:\/\/www.mqeurope.com\/wp-content\/uploads\/2025\/02\/mbo1812.jpg\",\"width\":1181,\"height\":1181},{\"@type\":\"BreadcrumbList\",\"@id\":\"https:\/\/www.mqeurope.com\/product\/mbo-uv1812\/#breadcrumb\",\"itemListElement\":[{\"@type\":\"ListItem\",\"position\":1,\"name\":\"Home\",\"item\":\"https:\/\/www.mqeurope.com\/\"},{\"@type\":\"ListItem\",\"position\":2,\"name\":\"Shop\",\"item\":\"https:\/\/www.mqeurope.com\/store\/\"},{\"@type\":\"ListItem\",\"position\":3,\"name\":\"MBO-UV1812\"}]},{\"@type\":\"WebSite\",\"@id\":\"https:\/\/www.mqeurope.com\/#website\",\"url\":\"https:\/\/www.mqeurope.com\/\",\"name\":\"MQ Europe\",\"description\":\"\",\"publisher\":{\"@id\":\"https:\/\/www.mqeurope.com\/#organization\"},\"potentialAction\":[{\"@type\":\"SearchAction\",\"target\":{\"@type\":\"EntryPoint\",\"urlTemplate\":\"https:\/\/www.mqeurope.com\/?s={search_term_string}\"},\"query-input\":{\"@type\":\"PropertyValueSpecification\",\"valueRequired\":true,\"valueName\":\"search_term_string\"}}],\"inLanguage\":\"fr-FR\"},{\"@type\":\"Organization\",\"@id\":\"https:\/\/www.mqeurope.com\/#organization\",\"name\":\"MQ Europe\",\"url\":\"https:\/\/www.mqeurope.com\/\",\"logo\":{\"@type\":\"ImageObject\",\"inLanguage\":\"fr-FR\",\"@id\":\"https:\/\/www.mqeurope.com\/#\/schema\/logo\/image\/\",\"url\":\"https:\/\/www.mqeurope.com\/wp-content\/uploads\/2016\/02\/cropped-copy-logob.png\",\"contentUrl\":\"https:\/\/www.mqeurope.com\/wp-content\/uploads\/2016\/02\/cropped-copy-logob.png\",\"width\":325,\"height\":100,\"caption\":\"MQ Europe\"},\"image\":{\"@id\":\"https:\/\/www.mqeurope.com\/#\/schema\/logo\/image\/\"}}]}<\/script>\n<!-- \/ Yoast SEO plugin. -->","yoast_head_json":{"title":"MBO-UV1812 - MQ Europe","robots":{"index":"index","follow":"follow","max-snippet":"max-snippet:-1","max-image-preview":"max-image-preview:large","max-video-preview":"max-video-preview:-1"},"canonical":"https:\/\/www.mqeurope.com\/product\/mbo-uv1812\/","og_locale":"fr_FR","og_type":"article","og_title":"MBO-UV1812 - MQ Europe","og_url":"https:\/\/www.mqeurope.com\/product\/mbo-uv1812\/","og_site_name":"MQ Europe","article_modified_time":"2025-02-10T07:35:30+00:00","og_image":[{"width":1181,"height":1181,"url":"https:\/\/www.mqeurope.com\/wp-content\/uploads\/2025\/02\/mbo1812.jpg","type":"image\/jpeg"}],"twitter_card":"summary_large_image","twitter_misc":{"Est. reading time":"11 minutes"},"schema":{"@context":"https:\/\/schema.org","@graph":[{"@type":"WebPage","@id":"https:\/\/www.mqeurope.com\/product\/mbo-uv1812\/","url":"https:\/\/www.mqeurope.com\/product\/mbo-uv1812\/","name":"MBO-UV1812 - MQ Europe","isPartOf":{"@id":"https:\/\/www.mqeurope.com\/#website"},"primaryImageOfPage":{"@id":"https:\/\/www.mqeurope.com\/product\/mbo-uv1812\/#primaryimage"},"image":{"@id":"https:\/\/www.mqeurope.com\/product\/mbo-uv1812\/#primaryimage"},"thumbnailUrl":"https:\/\/www.mqeurope.com\/wp-content\/uploads\/2025\/02\/mbo1812.jpg","datePublished":"2024-11-07T07:27:42+00:00","dateModified":"2025-02-10T07:35:30+00:00","breadcrumb":{"@id":"https:\/\/www.mqeurope.com\/product\/mbo-uv1812\/#breadcrumb"},"inLanguage":"fr-FR","potentialAction":[{"@type":"ReadAction","target":["https:\/\/www.mqeurope.com\/product\/mbo-uv1812\/"]}]},{"@type":"ImageObject","inLanguage":"fr-FR","@id":"https:\/\/www.mqeurope.com\/product\/mbo-uv1812\/#primaryimage","url":"https:\/\/www.mqeurope.com\/wp-content\/uploads\/2025\/02\/mbo1812.jpg","contentUrl":"https:\/\/www.mqeurope.com\/wp-content\/uploads\/2025\/02\/mbo1812.jpg","width":1181,"height":1181},{"@type":"BreadcrumbList","@id":"https:\/\/www.mqeurope.com\/product\/mbo-uv1812\/#breadcrumb","itemListElement":[{"@type":"ListItem","position":1,"name":"Home","item":"https:\/\/www.mqeurope.com\/"},{"@type":"ListItem","position":2,"name":"Shop","item":"https:\/\/www.mqeurope.com\/store\/"},{"@type":"ListItem","position":3,"name":"MBO-UV1812"}]},{"@type":"WebSite","@id":"https:\/\/www.mqeurope.com\/#website","url":"https:\/\/www.mqeurope.com\/","name":"MQ Europe","description":"","publisher":{"@id":"https:\/\/www.mqeurope.com\/#organization"},"potentialAction":[{"@type":"SearchAction","target":{"@type":"EntryPoint","urlTemplate":"https:\/\/www.mqeurope.com\/?s={search_term_string}"},"query-input":{"@type":"PropertyValueSpecification","valueRequired":true,"valueName":"search_term_string"}}],"inLanguage":"fr-FR"},{"@type":"Organization","@id":"https:\/\/www.mqeurope.com\/#organization","name":"MQ Europe","url":"https:\/\/www.mqeurope.com\/","logo":{"@type":"ImageObject","inLanguage":"fr-FR","@id":"https:\/\/www.mqeurope.com\/#\/schema\/logo\/image\/","url":"https:\/\/www.mqeurope.com\/wp-content\/uploads\/2016\/02\/cropped-copy-logob.png","contentUrl":"https:\/\/www.mqeurope.com\/wp-content\/uploads\/2016\/02\/cropped-copy-logob.png","width":325,"height":100,"caption":"MQ Europe"},"image":{"@id":"https:\/\/www.mqeurope.com\/#\/schema\/logo\/image\/"}}]}},"_links":{"self":[{"href":"https:\/\/www.mqeurope.com\/fr\/wp-json\/wp\/v2\/product\/3373","targetHints":{"allow":["GET"]}}],"collection":[{"href":"https:\/\/www.mqeurope.com\/fr\/wp-json\/wp\/v2\/product"}],"about":[{"href":"https:\/\/www.mqeurope.com\/fr\/wp-json\/wp\/v2\/types\/product"}],"wp:featuredmedia":[{"embeddable":true,"href":"https:\/\/www.mqeurope.com\/fr\/wp-json\/wp\/v2\/media\/3374"}],"wp:attachment":[{"href":"https:\/\/www.mqeurope.com\/fr\/wp-json\/wp\/v2\/media?parent=3373"}],"wp:term":[{"taxonomy":"product_brand","embeddable":true,"href":"https:\/\/www.mqeurope.com\/fr\/wp-json\/wp\/v2\/product_brand?post=3373"},{"taxonomy":"product_cat","embeddable":true,"href":"https:\/\/www.mqeurope.com\/fr\/wp-json\/wp\/v2\/product_cat?post=3373"},{"taxonomy":"product_tag","embeddable":true,"href":"https:\/\/www.mqeurope.com\/fr\/wp-json\/wp\/v2\/product_tag?post=3373"}],"curies":[{"name":"wp","href":"https:\/\/api.w.org\/{rel}","templated":true}]}}