{"id":3377,"date":"2024-11-07T07:38:33","date_gmt":"2024-11-07T07:38:33","guid":{"rendered":"https:\/\/www.mqeurope.com\/product\/3377\/"},"modified":"2025-02-10T07:35:32","modified_gmt":"2025-02-10T07:35:32","slug":"mbo-uv1612g","status":"publish","type":"product","link":"https:\/\/www.mqeurope.com\/fr\/product\/mbo-uv1612g\/","title":{"rendered":"MBO-UV1612G"},"content":{"rendered":"<h3><b>Caract\u00e9ristiques principales<\/b><\/h3>\n<ul>\n<li style=\"font-weight: 400;\" aria-level=\"1\"><b>Structure robuste<\/b><span style=\"font-weight: 400;\"> : corps en acier, design double rail Hi-Win, table en alliage d&#8217;aluminium avec surface usin\u00e9e.<\/span><\/li>\n<li style=\"font-weight: 400;\" aria-level=\"1\"><b>Haute vitesse d&#8217;impression<\/b><span style=\"font-weight: 400;\"> : 3-4 t\u00eates industrielles de pr\u00e9cision.<\/span><\/li>\n<li style=\"font-weight: 400;\" aria-level=\"1\"><b>Syst\u00e8me de refroidissement<\/b><span style=\"font-weight: 400;\"> : 4 lampes UV-LED avec syst\u00e8me de refroidissement par eau.<\/span><\/li>\n<li style=\"font-weight: 400;\" aria-level=\"1\"><b>Surface d&#8217;impression<\/b><span style=\"font-weight: 400;\"> : 160 x 120 cm avec une hauteur maximale de 19 cm.<\/span><\/li>\n<li style=\"font-weight: 400;\" aria-level=\"1\"><b>Alimentation d&#8217;encre en vrac<\/b><span style=\"font-weight: 400;\"> : syst\u00e8me de pression n\u00e9gative pour faciliter l&#8217;entretien et le remplacement de l&#8217;encre.<\/span><\/li>\n<li style=\"font-weight: 400;\" aria-level=\"1\"><b>Table d&#8217;aspiration int\u00e9gr\u00e9e<\/b><span style=\"font-weight: 400;\"> : maintient les substrats plats et l\u00e9gers.<\/span><\/li>\n<li style=\"font-weight: 400;\" aria-level=\"1\"><b>Design ouvert<\/b><span style=\"font-weight: 400;\"> : permet le chargement de produits de grande taille et la manipulation continue des plateaux.<\/span><\/li>\n<li style=\"font-weight: 400;\" aria-level=\"1\"><b>Dimensions et poids<\/b><span style=\"font-weight: 400;\"> : env. 255 cm L x 195 cm l x 140 cm H ; Poids env. 800 kg (900 kg pour l&#8217;exp\u00e9dition).<\/span><\/li>\n<\/ul>\n<p><iframe loading=\"lazy\" title=\"MBO UV2512G UV Led Large printer with Ricoh GEN5 head\" width=\"750\" height=\"422\" src=\"https:\/\/www.youtube.com\/embed\/2dI-Hd0nl28?feature=oembed\" frameborder=\"0\" allow=\"accelerometer; autoplay; clipboard-write; encrypted-media; gyroscope; picture-in-picture; web-share\" referrerpolicy=\"strict-origin-when-cross-origin\" allowfullscreen><\/iframe><\/p>\n<h3><b>Sp\u00e9cifications techniques<\/b><\/h3>\n<ul>\n<li style=\"font-weight: 400;\" aria-level=\"1\"><b>Mod\u00e8le<\/b><span style=\"font-weight: 400;\"> : MBO-UV1612G<\/span><\/li>\n<li style=\"font-weight: 400;\" aria-level=\"1\"><b>T\u00eate d&#8217;impression<\/b><span style=\"font-weight: 400;\"> : 1-4 t\u00eates Ricoh Gen5i ou Epson i3200\/i1600<\/span><\/li>\n<li style=\"font-weight: 400;\" aria-level=\"1\"><b>Configuration de l&#8217;encre<\/b><span style=\"font-weight: 400;\"> : CMJN   Blanc   Vernis, Double CMJN   Blanc   Vernis ou CMJN   Blanc   CMJN<\/span><\/li>\n<li style=\"font-weight: 400;\" aria-level=\"1\"><b>Vitesse d&#8217;impression<\/b><span style=\"font-weight: 400;\"> : 5-20 m\u00b2\/h<\/span><\/li>\n<li style=\"font-weight: 400;\" aria-level=\"1\"><b>Hauteur d&#8217;impression maximale<\/b><span style=\"font-weight: 400;\"> : 19 cm<\/span><\/li>\n<li style=\"font-weight: 400;\" aria-level=\"1\"><b>Dispositif rotatif<\/b><span style=\"font-weight: 400;\"> : Optionnel<\/span><\/li>\n<li style=\"font-weight: 400;\" aria-level=\"1\"><b>R\u00e9solution d&#8217;impression<\/b><span style=\"font-weight: 400;\"> : 720&#215;900 \/ 720&#215;1200 \/ 720&#215;1800 dpi<\/span><\/li>\n<li style=\"font-weight: 400;\" aria-level=\"1\"><b>Logiciel RIP<\/b><span style=\"font-weight: 400;\"> : Maintop ou Photoprint<\/span><\/li>\n<li style=\"font-weight: 400;\" aria-level=\"1\"><b>Syst\u00e8me de nettoyage<\/b><span style=\"font-weight: 400;\"> : Nettoyage automatique et circulation de l&#8217;encre blanche<\/span><\/li>\n<li style=\"font-weight: 400;\" aria-level=\"1\"><b>Syst\u00e8me de refroidissement<\/b><span style=\"font-weight: 400;\"> : Refroidissement par circulation d&#8217;eau<\/span><\/li>\n<li style=\"font-weight: 400;\" aria-level=\"1\"><b>Configuration requise<\/b><span style=\"font-weight: 400;\"> : Windows 7 \/ 10 64 bits<\/span><\/li>\n<li style=\"font-weight: 400;\" aria-level=\"1\"><b>Connexion<\/b><span style=\"font-weight: 400;\"> : USB 2.0 \/ 3.0<\/span><\/li>\n<\/ul>\n<div id='gallery-1' class='gallery galleryid-3377 gallery-columns-3 gallery-size-medium'><figure class='gallery-item'>\n\t\t\t<div class='gallery-icon landscape'>\n\t\t\t\t<a href='https:\/\/www.mqeurope.com\/fr\/?attachment_id=3371'><img loading=\"lazy\" decoding=\"async\" width=\"300\" height=\"245\" src=\"https:\/\/www.mqeurope.com\/wp-content\/uploads\/2025\/02\/g2513mbo.jpeg\" class=\"attachment-medium size-medium\" alt=\"\" \/><\/a>\n\t\t\t<\/div><\/figure><figure class='gallery-item'>\n\t\t\t<div class='gallery-icon landscape'>\n\t\t\t\t<a href='https:\/\/www.mqeurope.com\/fr\/?attachment_id=3370'><img loading=\"lazy\" decoding=\"async\" width=\"300\" height=\"300\" src=\"https:\/\/www.mqeurope.com\/wp-content\/uploads\/2025\/02\/mbo2513.jpg\" class=\"attachment-medium size-medium\" alt=\"\" srcset=\"https:\/\/www.mqeurope.com\/wp-content\/uploads\/2025\/02\/mbo2513.jpg 1181w, https:\/\/www.mqeurope.com\/wp-content\/uploads\/2025\/02\/mbo2513-300x300.jpg 300w, https:\/\/www.mqeurope.com\/wp-content\/uploads\/2025\/02\/mbo2513-100x100.jpg 100w, https:\/\/www.mqeurope.com\/wp-content\/uploads\/2025\/02\/mbo2513-600x600.jpg 600w\" sizes=\"auto, (max-width: 300px) 100vw, 300px\" \/><\/a>\n\t\t\t<\/div><\/figure>\n\t\t<\/div>\n\n<h3><strong>Capacit\u00e9s d\u2019encre<\/strong><\/h3>\n<p>Le syst\u00e8me d&#8217;encre \u00e0 12 canaux prend en charge le CMYK, le blanc et le vernis, chacun dans des r\u00e9servoirs de 1500 mL, avec un approvisionnement continu en vrac et un syst\u00e8me de pression n\u00e9gative. L&#8217;encre blanche permet des impressions sur des mat\u00e9riaux sombres et transparents avec un effet de d\u00e9grad\u00e9 possible.<\/p>\n<p><strong>Fonction de vernis<\/strong><\/p>\n<p>La fonction de vernis offre une finition brillante et un effet artistique 3D sp\u00e9cial.<\/p>\n<p><strong>Syst\u00e8me d&#8217;alarme de niveau d&#8217;encre faible<\/strong><\/p>\n<p>L&#8217;imprimante est \u00e9quip\u00e9e d&#8217;un syst\u00e8me d&#8217;alarme pour rappeler le rechargement lorsque le niveau d&#8217;encre est bas.<\/p>\n<h3><img loading=\"lazy\" decoding=\"async\" class=\"alignnone wp-image-3375 size-full\" style=\"font-size: 16px;\" src=\"https:\/\/mboprinters.com\/wp-content\/uploads\/2024\/11\/6602773cc55cd.jpeg\" alt=\"\" width=\"587\" height=\"480\" \/><\/h3>\n<p><b>Caract\u00e9ristiques de production<\/b><b><br \/>\n<\/b><span style=\"font-weight: 400;\">La MBO-UV1612G dispose d&#8217;une surface d&#8217;impression de 160 x 120 cm et d&#8217;un capteur de hauteur automatique qui ajuste la distance optimale pour maintenir une qualit\u00e9 d&#8217;impression maximale. Les plateaux repositionnables facilitent l&#8217;impression sur des produits de formes et mat\u00e9riaux vari\u00e9s, et la lampe UV-LED polym\u00e9rise les encres instantan\u00e9ment, produisant des impressions durables sur m\u00e9tal, verre, bois, plastique, vinyle, et plus encore.<\/span><\/p>\n<p><b>Logiciel<\/b><b><br \/>\n<\/b><span style=\"font-weight: 400;\">Elle propose le logiciel RIP Maintop (\u00e9galement Photoprint), avec des options de contr\u00f4le pour divers substrats, couverture de fond blanc, profils de couleur ICC personnalis\u00e9s et r\u00e9p\u00e9tition de motifs pour les impressions multiples. Elle permet \u00e9galement des effets de relief et le contr\u00f4le de la taille de point pour les surfaces courbes ou irr\u00e9guli\u00e8res.<\/span><\/p>\n<p><b>Support Technique<\/b><b><br \/>\n<\/b><span style=\"font-weight: 400;\">MBO fournit une formation \u00e0 distance et une installation guid\u00e9e pour votre nouvelle imprimante MBO-UV1612G, ainsi qu&#8217;une garantie d&#8217;un an, et un support technique continu par t\u00e9l\u00e9phone, e-mail, chat en direct et visioconf\u00e9rence.<\/span><\/p>\n<p><b>Inclus dans l&#8217;achat :<\/b><\/p>\n<ul>\n<li style=\"font-weight: 400;\" aria-level=\"1\"><span style=\"font-weight: 400;\">Seringle de maintenance<\/span><\/li>\n<li style=\"font-weight: 400;\" aria-level=\"1\"><span style=\"font-weight: 400;\">Tournevis<\/span><\/li>\n<li style=\"font-weight: 400;\" aria-level=\"1\"><span style=\"font-weight: 400;\">Manuel et logiciel d&#8217;impression (t\u00e9l\u00e9chargement)<\/span><\/li>\n<li style=\"font-weight: 400;\" aria-level=\"1\"><span style=\"font-weight: 400;\">Vid\u00e9o d&#8217;installation en ligne<\/span><\/li>\n<li style=\"font-weight: 400;\" aria-level=\"1\"><span style=\"font-weight: 400;\">Logiciel RIP et c\u00e2bles<\/span><\/li>\n<\/ul>\n<p><b>\u00c9l\u00e9ments non inclus (optionnel) :<\/b><\/p>\n<ul>\n<li style=\"font-weight: 400;\" aria-level=\"1\"><span style=\"font-weight: 400;\">Encres (autres marques compatibles, mais sans garantie)<\/span><\/li>\n<li style=\"font-weight: 400;\" aria-level=\"1\"><span style=\"font-weight: 400;\">Primaire pour am\u00e9liorer l&#8217;adh\u00e9rence sur les mat\u00e9riaux sp\u00e9ciaux<\/span><\/li>\n<li style=\"font-weight: 400;\" aria-level=\"1\"><span style=\"font-weight: 400;\">Solution de nettoyage<\/span><\/li>\n<li style=\"font-weight: 400;\" aria-level=\"1\"><span style=\"font-weight: 400;\">Dispositif rotatif pour impression sur bouteilles<\/span><\/li>\n<li style=\"font-weight: 400;\" aria-level=\"1\"><span style=\"font-weight: 400;\">Ordinateur\/portable avec Windows 7\/10 (64 bits) et port USB disponible<\/span><\/li>\n<\/ul>\n<p><b>Politique de retour, remboursement et r\u00e9paration<\/b><\/p>\n<p><span style=\"font-weight: 400;\">Pour obtenir un remboursement ou un cr\u00e9dit en magasin, l&#8217;imprimante doit \u00eatre retourn\u00e9e non utilis\u00e9e, non ouverte et dans son emballage d&#8217;origine dans les 30 jours suivant la r\u00e9ception (les frais de livraison ne sont pas remboursables). Les clients sont responsables des frais de retour. Pour les r\u00e9parations et le remplacement des pi\u00e8ces sous garantie, le client prend en charge les frais d&#8217;exp\u00e9dition des pi\u00e8ces d\u00e9fectueuses et nouvelles.<\/span>MBO-UV1612G<\/p>\n","protected":false},"excerpt":{"rendered":"<p><b>Imprimante UV-LED Directe sur Substrat MBO-UV1612G<\/b><\/p>\n<p><span style=\"font-weight: 400;\">L&#8217;imprimante UV MBO-UV1612G combine des vitesses de production \u00e9lev\u00e9es avec une capacit\u00e9 d&#8217;impression accrue, atteignant jusqu&#8217;\u00e0 160 x 120 cm. \u00c9quip\u00e9e de composants industriels, de plusieurs t\u00eates d&#8217;impression haute performance et d&#8217;une configuration d&#8217;encre UV en CMJN   Blanc   Vernis ou Double CMJN   Blanc   Vernis, cette imprimante avec t\u00eate Ricoh G5i produit des impressions couleur vibrantes et textur\u00e9es sur une grande vari\u00e9t\u00e9 de substrats \u00e0 haute vitesse, id\u00e9ale pour les utilisateurs ayant un volume de travail mensuel \u00e9lev\u00e9.<\/span><\/p>\n","protected":false},"featured_media":3378,"template":"","meta":{"_joinchat":[]},"product_brand":[],"product_cat":[131],"product_tag":[],"class_list":{"0":"post-3377","1":"product","2":"type-product","3":"status-publish","4":"has-post-thumbnail","6":"product_cat-uv-led-large-format","8":"first","9":"instock","10":"taxable","11":"shipping-taxable","12":"product-type-simple"},"translation":{"provider":"WPGlobus","version":"3.0.2","language":"fr","enabled_languages":["en","nl","fr"],"languages":{"en":{"title":false,"content":false,"excerpt":false},"nl":{"title":false,"content":false,"excerpt":false},"fr":{"title":true,"content":true,"excerpt":true}}},"yoast_head":"<!-- This site is optimized with the Yoast SEO plugin v26.9 - https:\/\/yoast.com\/product\/yoast-seo-wordpress\/ -->\n<title>MBO-UV1612G - MQ Europe<\/title>\n<meta name=\"robots\" content=\"index, follow, max-snippet:-1, max-image-preview:large, max-video-preview:-1\" \/>\n<link rel=\"canonical\" href=\"https:\/\/www.mqeurope.com\/product\/mbo-uv1612g\/\" \/>\n<meta property=\"og:locale\" content=\"fr_FR\" \/>\n<meta property=\"og:type\" content=\"article\" \/>\n<meta property=\"og:title\" content=\"MBO-UV1612G - MQ Europe\" \/>\n<meta property=\"og:url\" content=\"https:\/\/www.mqeurope.com\/product\/mbo-uv1612g\/\" \/>\n<meta property=\"og:site_name\" content=\"MQ Europe\" \/>\n<meta property=\"article:modified_time\" content=\"2025-02-10T07:35:32+00:00\" \/>\n<meta property=\"og:image\" content=\"https:\/\/www.mqeurope.com\/wp-content\/uploads\/2025\/02\/mbo1612g.jpg\" \/>\n\t<meta property=\"og:image:width\" content=\"1181\" \/>\n\t<meta property=\"og:image:height\" content=\"1181\" \/>\n\t<meta property=\"og:image:type\" content=\"image\/jpeg\" \/>\n<meta name=\"twitter:card\" content=\"summary_large_image\" \/>\n<meta name=\"twitter:label1\" content=\"Est. reading time\" \/>\n\t<meta name=\"twitter:data1\" content=\"9 minutes\" \/>\n<script type=\"application\/ld+json\" class=\"yoast-schema-graph\">{\"@context\":\"https:\/\/schema.org\",\"@graph\":[{\"@type\":\"WebPage\",\"@id\":\"https:\/\/www.mqeurope.com\/product\/mbo-uv1612g\/\",\"url\":\"https:\/\/www.mqeurope.com\/product\/mbo-uv1612g\/\",\"name\":\"MBO-UV1612G - MQ Europe\",\"isPartOf\":{\"@id\":\"https:\/\/www.mqeurope.com\/#website\"},\"primaryImageOfPage\":{\"@id\":\"https:\/\/www.mqeurope.com\/product\/mbo-uv1612g\/#primaryimage\"},\"image\":{\"@id\":\"https:\/\/www.mqeurope.com\/product\/mbo-uv1612g\/#primaryimage\"},\"thumbnailUrl\":\"https:\/\/www.mqeurope.com\/wp-content\/uploads\/2025\/02\/mbo1612g.jpg\",\"datePublished\":\"2024-11-07T07:38:33+00:00\",\"dateModified\":\"2025-02-10T07:35:32+00:00\",\"breadcrumb\":{\"@id\":\"https:\/\/www.mqeurope.com\/product\/mbo-uv1612g\/#breadcrumb\"},\"inLanguage\":\"fr-FR\",\"potentialAction\":[{\"@type\":\"ReadAction\",\"target\":[\"https:\/\/www.mqeurope.com\/product\/mbo-uv1612g\/\"]}]},{\"@type\":\"ImageObject\",\"inLanguage\":\"fr-FR\",\"@id\":\"https:\/\/www.mqeurope.com\/product\/mbo-uv1612g\/#primaryimage\",\"url\":\"https:\/\/www.mqeurope.com\/wp-content\/uploads\/2025\/02\/mbo1612g.jpg\",\"contentUrl\":\"https:\/\/www.mqeurope.com\/wp-content\/uploads\/2025\/02\/mbo1612g.jpg\",\"width\":1181,\"height\":1181},{\"@type\":\"BreadcrumbList\",\"@id\":\"https:\/\/www.mqeurope.com\/product\/mbo-uv1612g\/#breadcrumb\",\"itemListElement\":[{\"@type\":\"ListItem\",\"position\":1,\"name\":\"Home\",\"item\":\"https:\/\/www.mqeurope.com\/\"},{\"@type\":\"ListItem\",\"position\":2,\"name\":\"Shop\",\"item\":\"https:\/\/www.mqeurope.com\/store\/\"}]},{\"@type\":\"WebSite\",\"@id\":\"https:\/\/www.mqeurope.com\/#website\",\"url\":\"https:\/\/www.mqeurope.com\/\",\"name\":\"MQ Europe\",\"description\":\"\",\"publisher\":{\"@id\":\"https:\/\/www.mqeurope.com\/#organization\"},\"potentialAction\":[{\"@type\":\"SearchAction\",\"target\":{\"@type\":\"EntryPoint\",\"urlTemplate\":\"https:\/\/www.mqeurope.com\/?s={search_term_string}\"},\"query-input\":{\"@type\":\"PropertyValueSpecification\",\"valueRequired\":true,\"valueName\":\"search_term_string\"}}],\"inLanguage\":\"fr-FR\"},{\"@type\":\"Organization\",\"@id\":\"https:\/\/www.mqeurope.com\/#organization\",\"name\":\"MQ Europe\",\"url\":\"https:\/\/www.mqeurope.com\/\",\"logo\":{\"@type\":\"ImageObject\",\"inLanguage\":\"fr-FR\",\"@id\":\"https:\/\/www.mqeurope.com\/#\/schema\/logo\/image\/\",\"url\":\"https:\/\/www.mqeurope.com\/wp-content\/uploads\/2016\/02\/cropped-copy-logob.png\",\"contentUrl\":\"https:\/\/www.mqeurope.com\/wp-content\/uploads\/2016\/02\/cropped-copy-logob.png\",\"width\":325,\"height\":100,\"caption\":\"MQ Europe\"},\"image\":{\"@id\":\"https:\/\/www.mqeurope.com\/#\/schema\/logo\/image\/\"}}]}<\/script>\n<!-- \/ Yoast SEO plugin. -->","yoast_head_json":{"title":"MBO-UV1612G - MQ Europe","robots":{"index":"index","follow":"follow","max-snippet":"max-snippet:-1","max-image-preview":"max-image-preview:large","max-video-preview":"max-video-preview:-1"},"canonical":"https:\/\/www.mqeurope.com\/product\/mbo-uv1612g\/","og_locale":"fr_FR","og_type":"article","og_title":"MBO-UV1612G - MQ Europe","og_url":"https:\/\/www.mqeurope.com\/product\/mbo-uv1612g\/","og_site_name":"MQ Europe","article_modified_time":"2025-02-10T07:35:32+00:00","og_image":[{"width":1181,"height":1181,"url":"https:\/\/www.mqeurope.com\/wp-content\/uploads\/2025\/02\/mbo1612g.jpg","type":"image\/jpeg"}],"twitter_card":"summary_large_image","twitter_misc":{"Est. reading time":"9 minutes"},"schema":{"@context":"https:\/\/schema.org","@graph":[{"@type":"WebPage","@id":"https:\/\/www.mqeurope.com\/product\/mbo-uv1612g\/","url":"https:\/\/www.mqeurope.com\/product\/mbo-uv1612g\/","name":"MBO-UV1612G - MQ Europe","isPartOf":{"@id":"https:\/\/www.mqeurope.com\/#website"},"primaryImageOfPage":{"@id":"https:\/\/www.mqeurope.com\/product\/mbo-uv1612g\/#primaryimage"},"image":{"@id":"https:\/\/www.mqeurope.com\/product\/mbo-uv1612g\/#primaryimage"},"thumbnailUrl":"https:\/\/www.mqeurope.com\/wp-content\/uploads\/2025\/02\/mbo1612g.jpg","datePublished":"2024-11-07T07:38:33+00:00","dateModified":"2025-02-10T07:35:32+00:00","breadcrumb":{"@id":"https:\/\/www.mqeurope.com\/product\/mbo-uv1612g\/#breadcrumb"},"inLanguage":"fr-FR","potentialAction":[{"@type":"ReadAction","target":["https:\/\/www.mqeurope.com\/product\/mbo-uv1612g\/"]}]},{"@type":"ImageObject","inLanguage":"fr-FR","@id":"https:\/\/www.mqeurope.com\/product\/mbo-uv1612g\/#primaryimage","url":"https:\/\/www.mqeurope.com\/wp-content\/uploads\/2025\/02\/mbo1612g.jpg","contentUrl":"https:\/\/www.mqeurope.com\/wp-content\/uploads\/2025\/02\/mbo1612g.jpg","width":1181,"height":1181},{"@type":"BreadcrumbList","@id":"https:\/\/www.mqeurope.com\/product\/mbo-uv1612g\/#breadcrumb","itemListElement":[{"@type":"ListItem","position":1,"name":"Home","item":"https:\/\/www.mqeurope.com\/"},{"@type":"ListItem","position":2,"name":"Shop","item":"https:\/\/www.mqeurope.com\/store\/"}]},{"@type":"WebSite","@id":"https:\/\/www.mqeurope.com\/#website","url":"https:\/\/www.mqeurope.com\/","name":"MQ Europe","description":"","publisher":{"@id":"https:\/\/www.mqeurope.com\/#organization"},"potentialAction":[{"@type":"SearchAction","target":{"@type":"EntryPoint","urlTemplate":"https:\/\/www.mqeurope.com\/?s={search_term_string}"},"query-input":{"@type":"PropertyValueSpecification","valueRequired":true,"valueName":"search_term_string"}}],"inLanguage":"fr-FR"},{"@type":"Organization","@id":"https:\/\/www.mqeurope.com\/#organization","name":"MQ Europe","url":"https:\/\/www.mqeurope.com\/","logo":{"@type":"ImageObject","inLanguage":"fr-FR","@id":"https:\/\/www.mqeurope.com\/#\/schema\/logo\/image\/","url":"https:\/\/www.mqeurope.com\/wp-content\/uploads\/2016\/02\/cropped-copy-logob.png","contentUrl":"https:\/\/www.mqeurope.com\/wp-content\/uploads\/2016\/02\/cropped-copy-logob.png","width":325,"height":100,"caption":"MQ Europe"},"image":{"@id":"https:\/\/www.mqeurope.com\/#\/schema\/logo\/image\/"}}]}},"_links":{"self":[{"href":"https:\/\/www.mqeurope.com\/fr\/wp-json\/wp\/v2\/product\/3377","targetHints":{"allow":["GET"]}}],"collection":[{"href":"https:\/\/www.mqeurope.com\/fr\/wp-json\/wp\/v2\/product"}],"about":[{"href":"https:\/\/www.mqeurope.com\/fr\/wp-json\/wp\/v2\/types\/product"}],"wp:featuredmedia":[{"embeddable":true,"href":"https:\/\/www.mqeurope.com\/fr\/wp-json\/wp\/v2\/media\/3378"}],"wp:attachment":[{"href":"https:\/\/www.mqeurope.com\/fr\/wp-json\/wp\/v2\/media?parent=3377"}],"wp:term":[{"taxonomy":"product_brand","embeddable":true,"href":"https:\/\/www.mqeurope.com\/fr\/wp-json\/wp\/v2\/product_brand?post=3377"},{"taxonomy":"product_cat","embeddable":true,"href":"https:\/\/www.mqeurope.com\/fr\/wp-json\/wp\/v2\/product_cat?post=3377"},{"taxonomy":"product_tag","embeddable":true,"href":"https:\/\/www.mqeurope.com\/fr\/wp-json\/wp\/v2\/product_tag?post=3377"}],"curies":[{"name":"wp","href":"https:\/\/api.w.org\/{rel}","templated":true}]}}