{"id":1268,"date":"2017-10-27T10:36:01","date_gmt":"2017-10-27T08:36:01","guid":{"rendered":"http:\/\/fabways.eu\/?post_type=product&#038;p=1268"},"modified":"2018-01-16T12:18:06","modified_gmt":"2018-01-16T12:18:06","slug":"metaquip-gesloten-desktop-fiberlaser","status":"publish","type":"product","link":"https:\/\/www.mqeurope.com\/nl\/product\/metaquip-gesloten-desktop-fiberlaser\/","title":{"rendered":"Gesloten Desktop Fiberlaser"},"content":{"rendered":"<ul>\n<li>Laser graveren van metalen, spiegels en verschillende soorten kunststoffen<\/li>\n<li>Te gebruiken voor o.a.: sieraden, teksten, logos en afbeeldingen<\/li>\n<li>Vermogen: 20W (30W optioneel)<\/li>\n<li>Werkoppervlak: 100&#215;100 mm met extra lens voor 65&#215;65 mm<\/li>\n<li>Industri\u00eble luchtfilter afzuiging, laserveiligheidsbril en ge\u00efntegreerde industri\u00eble computer met lasersoftware<\/li>\n<li>CE certificatie<\/li>\n<\/ul>\n<p><iframe loading=\"lazy\" width=\"750\" height=\"422\" src=\"https:\/\/www.youtube.com\/embed\/0b4eeD1WKpw?feature=oembed\" frameborder=\"0\" allow=\"autoplay; encrypted-media\" allowfullscreen><\/iframe><\/p>\n","protected":false},"excerpt":{"rendered":"<p>Met Metaquip fiberlaser graveermachines kunt u graveren in o.a. metaal, spiegels en verschillende soorten kunststof. De machines staan bekend om hun betrouwbaarheid en duurzaamheid, en maken het mogelijk om op snelheid hoogstaande kwaliteit te leveren.<\/p>\n<p>Het gesloten desktop model biedt optimale veiligheid: de laser is alleen actief indien de automatische deur helemaal dicht is. Daarom kunt u ook zonder veiligheidsbril te werk gaan. De compacte fiberlaser is eenvoudig te verplaatsen en de perfecte keuze voor het graveren van sieraden en juwelen.&nbsp;<\/p>\n<p>&nbsp;<br \/>\n<a class=\"fasc-button fasc-size-large fasc-type-glossy fasc-rounded-medium\" style=\"background-color: #247edd; color: #ffffff;\" href=\"\/contact\/\">Informatie aanvragen<\/a><\/p>\n","protected":false},"featured_media":1510,"template":"","meta":{"_joinchat":[]},"product_brand":[],"product_cat":[70],"product_tag":[],"class_list":{"0":"post-1268","1":"product","2":"type-product","3":"status-publish","4":"has-post-thumbnail","6":"product_cat-lasers","8":"first","9":"instock","10":"taxable","11":"shipping-taxable","12":"product-type-simple"},"translation":{"provider":"WPGlobus","version":"3.0.2","language":"nl","enabled_languages":["en","nl","fr"],"languages":{"en":{"title":true,"content":true,"excerpt":true},"nl":{"title":true,"content":true,"excerpt":true},"fr":{"title":false,"content":false,"excerpt":false}}},"yoast_head":"<!-- This site is optimized with the Yoast SEO plugin v26.9 - https:\/\/yoast.com\/product\/yoast-seo-wordpress\/ -->\n<title>Gesloten Desktop Fiberlaser - MQ Europe<\/title>\n<meta name=\"robots\" content=\"index, follow, max-snippet:-1, max-image-preview:large, max-video-preview:-1\" \/>\n<link rel=\"canonical\" href=\"http:\/\/fabways.eu\/product\/metaquip-gesloten-desktop-fiberlaser\/\" \/>\n<meta property=\"og:locale\" content=\"nl_NL\" \/>\n<meta property=\"og:type\" content=\"article\" \/>\n<meta property=\"og:title\" content=\"Gesloten Desktop Fiberlaser - MQ Europe\" \/>\n<meta property=\"og:url\" content=\"http:\/\/fabways.eu\/product\/metaquip-gesloten-desktop-fiberlaser\/\" \/>\n<meta property=\"og:site_name\" content=\"MQ Europe\" \/>\n<meta property=\"article:modified_time\" content=\"2018-01-16T12:18:06+00:00\" \/>\n<meta property=\"og:image\" content=\"https:\/\/www.mqeurope.com\/wp-content\/uploads\/2017\/10\/fiber-laser-marking-machine-front.png\" \/>\n\t<meta property=\"og:image:width\" content=\"800\" \/>\n\t<meta property=\"og:image:height\" content=\"800\" \/>\n\t<meta property=\"og:image:type\" content=\"image\/png\" \/>\n<meta name=\"twitter:card\" content=\"summary_large_image\" \/>\n<meta name=\"twitter:label1\" content=\"Est. reading time\" \/>\n\t<meta name=\"twitter:data1\" content=\"1 minute\" \/>\n<script type=\"application\/ld+json\" class=\"yoast-schema-graph\">{\"@context\":\"https:\/\/schema.org\",\"@graph\":[{\"@type\":\"WebPage\",\"@id\":\"https:\/\/www.mqeurope.com\/product\/metaquip-gesloten-desktop-fiberlaser\/\",\"url\":\"http:\/\/fabways.eu\/product\/metaquip-gesloten-desktop-fiberlaser\/\",\"name\":\"Gesloten Desktop Fiberlaser - MQ Europe\",\"isPartOf\":{\"@id\":\"https:\/\/www.mqeurope.com\/#website\"},\"primaryImageOfPage\":{\"@id\":\"http:\/\/fabways.eu\/product\/metaquip-gesloten-desktop-fiberlaser\/#primaryimage\"},\"image\":{\"@id\":\"http:\/\/fabways.eu\/product\/metaquip-gesloten-desktop-fiberlaser\/#primaryimage\"},\"thumbnailUrl\":\"https:\/\/www.mqeurope.com\/wp-content\/uploads\/2017\/10\/fiber-laser-marking-machine-front.png\",\"datePublished\":\"2017-10-27T08:36:01+00:00\",\"dateModified\":\"2018-01-16T12:18:06+00:00\",\"breadcrumb\":{\"@id\":\"http:\/\/fabways.eu\/product\/metaquip-gesloten-desktop-fiberlaser\/#breadcrumb\"},\"inLanguage\":\"nl-NL\",\"potentialAction\":[{\"@type\":\"ReadAction\",\"target\":[\"http:\/\/fabways.eu\/product\/metaquip-gesloten-desktop-fiberlaser\/\"]}]},{\"@type\":\"ImageObject\",\"inLanguage\":\"nl-NL\",\"@id\":\"http:\/\/fabways.eu\/product\/metaquip-gesloten-desktop-fiberlaser\/#primaryimage\",\"url\":\"https:\/\/www.mqeurope.com\/wp-content\/uploads\/2017\/10\/fiber-laser-marking-machine-front.png\",\"contentUrl\":\"https:\/\/www.mqeurope.com\/wp-content\/uploads\/2017\/10\/fiber-laser-marking-machine-front.png\",\"width\":800,\"height\":800},{\"@type\":\"BreadcrumbList\",\"@id\":\"http:\/\/fabways.eu\/product\/metaquip-gesloten-desktop-fiberlaser\/#breadcrumb\",\"itemListElement\":[{\"@type\":\"ListItem\",\"position\":1,\"name\":\"Home\",\"item\":\"https:\/\/www.mqeurope.com\/\"},{\"@type\":\"ListItem\",\"position\":2,\"name\":\"Shop\",\"item\":\"https:\/\/www.mqeurope.com\/store\/\"},{\"@type\":\"ListItem\",\"position\":3,\"name\":\"Closed Desktop Fiberlaser\"}]},{\"@type\":\"WebSite\",\"@id\":\"https:\/\/www.mqeurope.com\/#website\",\"url\":\"https:\/\/www.mqeurope.com\/\",\"name\":\"MQ Europe\",\"description\":\"\",\"publisher\":{\"@id\":\"https:\/\/www.mqeurope.com\/#organization\"},\"potentialAction\":[{\"@type\":\"SearchAction\",\"target\":{\"@type\":\"EntryPoint\",\"urlTemplate\":\"https:\/\/www.mqeurope.com\/?s={search_term_string}\"},\"query-input\":{\"@type\":\"PropertyValueSpecification\",\"valueRequired\":true,\"valueName\":\"search_term_string\"}}],\"inLanguage\":\"nl-NL\"},{\"@type\":\"Organization\",\"@id\":\"https:\/\/www.mqeurope.com\/#organization\",\"name\":\"MQ Europe\",\"url\":\"https:\/\/www.mqeurope.com\/\",\"logo\":{\"@type\":\"ImageObject\",\"inLanguage\":\"nl-NL\",\"@id\":\"https:\/\/www.mqeurope.com\/#\/schema\/logo\/image\/\",\"url\":\"https:\/\/www.mqeurope.com\/wp-content\/uploads\/2016\/02\/cropped-copy-logob.png\",\"contentUrl\":\"https:\/\/www.mqeurope.com\/wp-content\/uploads\/2016\/02\/cropped-copy-logob.png\",\"width\":325,\"height\":100,\"caption\":\"MQ Europe\"},\"image\":{\"@id\":\"https:\/\/www.mqeurope.com\/#\/schema\/logo\/image\/\"}}]}<\/script>\n<!-- \/ Yoast SEO plugin. -->","yoast_head_json":{"title":"Gesloten Desktop Fiberlaser - MQ Europe","robots":{"index":"index","follow":"follow","max-snippet":"max-snippet:-1","max-image-preview":"max-image-preview:large","max-video-preview":"max-video-preview:-1"},"canonical":"http:\/\/fabways.eu\/product\/metaquip-gesloten-desktop-fiberlaser\/","og_locale":"nl_NL","og_type":"article","og_title":"Gesloten Desktop Fiberlaser - MQ Europe","og_url":"http:\/\/fabways.eu\/product\/metaquip-gesloten-desktop-fiberlaser\/","og_site_name":"MQ Europe","article_modified_time":"2018-01-16T12:18:06+00:00","og_image":[{"width":800,"height":800,"url":"https:\/\/www.mqeurope.com\/wp-content\/uploads\/2017\/10\/fiber-laser-marking-machine-front.png","type":"image\/png"}],"twitter_card":"summary_large_image","twitter_misc":{"Est. reading time":"1 minute"},"schema":{"@context":"https:\/\/schema.org","@graph":[{"@type":"WebPage","@id":"https:\/\/www.mqeurope.com\/product\/metaquip-gesloten-desktop-fiberlaser\/","url":"http:\/\/fabways.eu\/product\/metaquip-gesloten-desktop-fiberlaser\/","name":"Gesloten Desktop Fiberlaser - MQ Europe","isPartOf":{"@id":"https:\/\/www.mqeurope.com\/#website"},"primaryImageOfPage":{"@id":"http:\/\/fabways.eu\/product\/metaquip-gesloten-desktop-fiberlaser\/#primaryimage"},"image":{"@id":"http:\/\/fabways.eu\/product\/metaquip-gesloten-desktop-fiberlaser\/#primaryimage"},"thumbnailUrl":"https:\/\/www.mqeurope.com\/wp-content\/uploads\/2017\/10\/fiber-laser-marking-machine-front.png","datePublished":"2017-10-27T08:36:01+00:00","dateModified":"2018-01-16T12:18:06+00:00","breadcrumb":{"@id":"http:\/\/fabways.eu\/product\/metaquip-gesloten-desktop-fiberlaser\/#breadcrumb"},"inLanguage":"nl-NL","potentialAction":[{"@type":"ReadAction","target":["http:\/\/fabways.eu\/product\/metaquip-gesloten-desktop-fiberlaser\/"]}]},{"@type":"ImageObject","inLanguage":"nl-NL","@id":"http:\/\/fabways.eu\/product\/metaquip-gesloten-desktop-fiberlaser\/#primaryimage","url":"https:\/\/www.mqeurope.com\/wp-content\/uploads\/2017\/10\/fiber-laser-marking-machine-front.png","contentUrl":"https:\/\/www.mqeurope.com\/wp-content\/uploads\/2017\/10\/fiber-laser-marking-machine-front.png","width":800,"height":800},{"@type":"BreadcrumbList","@id":"http:\/\/fabways.eu\/product\/metaquip-gesloten-desktop-fiberlaser\/#breadcrumb","itemListElement":[{"@type":"ListItem","position":1,"name":"Home","item":"https:\/\/www.mqeurope.com\/"},{"@type":"ListItem","position":2,"name":"Shop","item":"https:\/\/www.mqeurope.com\/store\/"},{"@type":"ListItem","position":3,"name":"Closed Desktop Fiberlaser"}]},{"@type":"WebSite","@id":"https:\/\/www.mqeurope.com\/#website","url":"https:\/\/www.mqeurope.com\/","name":"MQ Europe","description":"","publisher":{"@id":"https:\/\/www.mqeurope.com\/#organization"},"potentialAction":[{"@type":"SearchAction","target":{"@type":"EntryPoint","urlTemplate":"https:\/\/www.mqeurope.com\/?s={search_term_string}"},"query-input":{"@type":"PropertyValueSpecification","valueRequired":true,"valueName":"search_term_string"}}],"inLanguage":"nl-NL"},{"@type":"Organization","@id":"https:\/\/www.mqeurope.com\/#organization","name":"MQ Europe","url":"https:\/\/www.mqeurope.com\/","logo":{"@type":"ImageObject","inLanguage":"nl-NL","@id":"https:\/\/www.mqeurope.com\/#\/schema\/logo\/image\/","url":"https:\/\/www.mqeurope.com\/wp-content\/uploads\/2016\/02\/cropped-copy-logob.png","contentUrl":"https:\/\/www.mqeurope.com\/wp-content\/uploads\/2016\/02\/cropped-copy-logob.png","width":325,"height":100,"caption":"MQ Europe"},"image":{"@id":"https:\/\/www.mqeurope.com\/#\/schema\/logo\/image\/"}}]}},"_links":{"self":[{"href":"https:\/\/www.mqeurope.com\/nl\/wp-json\/wp\/v2\/product\/1268","targetHints":{"allow":["GET"]}}],"collection":[{"href":"https:\/\/www.mqeurope.com\/nl\/wp-json\/wp\/v2\/product"}],"about":[{"href":"https:\/\/www.mqeurope.com\/nl\/wp-json\/wp\/v2\/types\/product"}],"wp:featuredmedia":[{"embeddable":true,"href":"https:\/\/www.mqeurope.com\/nl\/wp-json\/wp\/v2\/media\/1510"}],"wp:attachment":[{"href":"https:\/\/www.mqeurope.com\/nl\/wp-json\/wp\/v2\/media?parent=1268"}],"wp:term":[{"taxonomy":"product_brand","embeddable":true,"href":"https:\/\/www.mqeurope.com\/nl\/wp-json\/wp\/v2\/product_brand?post=1268"},{"taxonomy":"product_cat","embeddable":true,"href":"https:\/\/www.mqeurope.com\/nl\/wp-json\/wp\/v2\/product_cat?post=1268"},{"taxonomy":"product_tag","embeddable":true,"href":"https:\/\/www.mqeurope.com\/nl\/wp-json\/wp\/v2\/product_tag?post=1268"}],"curies":[{"name":"wp","href":"https:\/\/api.w.org\/{rel}","templated":true}]}}