{"id":1278,"date":"2017-10-23T18:02:53","date_gmt":"2017-10-23T16:02:53","guid":{"rendered":"http:\/\/fabways.eu\/?post_type=product&#038;p=1278"},"modified":"2018-01-16T12:19:38","modified_gmt":"2018-01-16T12:19:38","slug":"metaquip-industriele-fiberlaser","status":"publish","type":"product","link":"https:\/\/www.mqeurope.com\/nl\/product\/metaquip-industriele-fiberlaser\/","title":{"rendered":"MQ Industri\u00eble Fiberlaser"},"content":{"rendered":"<ul>\n<li>Laser graveren van metalen, spiegels en verschillende soorten kunststoffen<\/li>\n<li>Te gebruiken voor o.a.: barcodes, typenummers, data matrix codes (DMC), QR codes<\/li>\n<li>Vermogen: 20W of 30W<\/li>\n<li>Werkoppervlak: 100&#215;100 mm met extra lens voor 200&#215;200 mm<\/li>\n<li>Snel en gemakkelijk instellen van de juiste focushoogte<\/li>\n<li>XY tafel: voor nauwkeurig positioneren van objecten<\/li>\n<li>Industri\u00eble luchtfilter afzuiging, laserveiligheidsbril en ge\u00efntegreerde industri\u00eble computer met lasersoftware<\/li>\n<li>CE certificatie<\/li>\n<\/ul>\n","protected":false},"excerpt":{"rendered":"<p>Met Metaquip fiberlaser graveermachines kunt u graveren in o.a. metaal, spiegels en verschillende soorten kunststof. De machines staan bekend om hun betrouwbaarheid en duurzaamheid, en maken het mogelijk om op snelheid hoogstaande kwaliteit te leveren.<\/p>\n<p>De industri\u00eble fiberlaser biedt optimale veiligheid: de laser is alleen actief indien de grote schuifdeur helemaal dicht is. Zeer geschikt voor het graveren van productinformatie op metaal en aluminium, zoals typenummers, barcodes, data matrix codes en QR codes.<\/p>\n<p>&nbsp;<\/p>\n<p>&nbsp;<br \/>\n<a class=\"fasc-button fasc-size-large fasc-type-glossy fasc-rounded-medium\" style=\"background-color: #247edd; color: #ffffff;\" href=\"\/contact\/\">Informatie aanvragen<\/a><\/p>\n","protected":false},"featured_media":1505,"template":"","meta":{"_joinchat":[]},"product_brand":[],"product_cat":[70],"product_tag":[],"class_list":{"0":"post-1278","1":"product","2":"type-product","3":"status-publish","4":"has-post-thumbnail","6":"product_cat-lasers","8":"first","9":"instock","10":"taxable","11":"shipping-taxable","12":"product-type-simple"},"translation":{"provider":"WPGlobus","version":"3.0.2","language":"nl","enabled_languages":["en","nl","fr"],"languages":{"en":{"title":true,"content":true,"excerpt":true},"nl":{"title":true,"content":true,"excerpt":true},"fr":{"title":false,"content":false,"excerpt":false}}},"yoast_head":"<!-- This site is optimized with the Yoast SEO plugin v26.9 - https:\/\/yoast.com\/product\/yoast-seo-wordpress\/ -->\n<title>MQ Industri\u00eble Fiberlaser - MQ Europe<\/title>\n<meta name=\"robots\" content=\"index, follow, max-snippet:-1, max-image-preview:large, max-video-preview:-1\" \/>\n<link rel=\"canonical\" href=\"http:\/\/fabways.eu\/product\/metaquip-industriele-fiberlaser\/\" \/>\n<meta property=\"og:locale\" content=\"nl_NL\" \/>\n<meta property=\"og:type\" content=\"article\" \/>\n<meta property=\"og:title\" content=\"MQ Industri\u00eble Fiberlaser - MQ Europe\" \/>\n<meta property=\"og:url\" content=\"http:\/\/fabways.eu\/product\/metaquip-industriele-fiberlaser\/\" \/>\n<meta property=\"og:site_name\" content=\"MQ Europe\" \/>\n<meta property=\"article:modified_time\" content=\"2018-01-16T12:19:38+00:00\" \/>\n<meta property=\"og:image\" content=\"https:\/\/www.mqeurope.com\/wp-content\/uploads\/2017\/10\/fiber-laser-industrial.jpg\" \/>\n\t<meta property=\"og:image:width\" content=\"800\" \/>\n\t<meta property=\"og:image:height\" content=\"800\" \/>\n\t<meta property=\"og:image:type\" content=\"image\/jpeg\" \/>\n<meta name=\"twitter:card\" content=\"summary_large_image\" \/>\n<meta name=\"twitter:label1\" content=\"Est. reading time\" \/>\n\t<meta name=\"twitter:data1\" content=\"1 minute\" \/>\n<script type=\"application\/ld+json\" class=\"yoast-schema-graph\">{\"@context\":\"https:\/\/schema.org\",\"@graph\":[{\"@type\":\"WebPage\",\"@id\":\"https:\/\/www.mqeurope.com\/product\/metaquip-industriele-fiberlaser\/\",\"url\":\"http:\/\/fabways.eu\/product\/metaquip-industriele-fiberlaser\/\",\"name\":\"MQ Industri\u00eble Fiberlaser - MQ Europe\",\"isPartOf\":{\"@id\":\"https:\/\/www.mqeurope.com\/#website\"},\"primaryImageOfPage\":{\"@id\":\"http:\/\/fabways.eu\/product\/metaquip-industriele-fiberlaser\/#primaryimage\"},\"image\":{\"@id\":\"http:\/\/fabways.eu\/product\/metaquip-industriele-fiberlaser\/#primaryimage\"},\"thumbnailUrl\":\"https:\/\/www.mqeurope.com\/wp-content\/uploads\/2017\/10\/fiber-laser-industrial.jpg\",\"datePublished\":\"2017-10-23T16:02:53+00:00\",\"dateModified\":\"2018-01-16T12:19:38+00:00\",\"breadcrumb\":{\"@id\":\"http:\/\/fabways.eu\/product\/metaquip-industriele-fiberlaser\/#breadcrumb\"},\"inLanguage\":\"nl-NL\",\"potentialAction\":[{\"@type\":\"ReadAction\",\"target\":[\"http:\/\/fabways.eu\/product\/metaquip-industriele-fiberlaser\/\"]}]},{\"@type\":\"ImageObject\",\"inLanguage\":\"nl-NL\",\"@id\":\"http:\/\/fabways.eu\/product\/metaquip-industriele-fiberlaser\/#primaryimage\",\"url\":\"https:\/\/www.mqeurope.com\/wp-content\/uploads\/2017\/10\/fiber-laser-industrial.jpg\",\"contentUrl\":\"https:\/\/www.mqeurope.com\/wp-content\/uploads\/2017\/10\/fiber-laser-industrial.jpg\",\"width\":800,\"height\":800},{\"@type\":\"BreadcrumbList\",\"@id\":\"http:\/\/fabways.eu\/product\/metaquip-industriele-fiberlaser\/#breadcrumb\",\"itemListElement\":[{\"@type\":\"ListItem\",\"position\":1,\"name\":\"Home\",\"item\":\"https:\/\/www.mqeurope.com\/\"},{\"@type\":\"ListItem\",\"position\":2,\"name\":\"Shop\",\"item\":\"https:\/\/www.mqeurope.com\/store\/\"},{\"@type\":\"ListItem\",\"position\":3,\"name\":\"MQ Industrial Fiberlaser\"}]},{\"@type\":\"WebSite\",\"@id\":\"https:\/\/www.mqeurope.com\/#website\",\"url\":\"https:\/\/www.mqeurope.com\/\",\"name\":\"MQ Europe\",\"description\":\"\",\"publisher\":{\"@id\":\"https:\/\/www.mqeurope.com\/#organization\"},\"potentialAction\":[{\"@type\":\"SearchAction\",\"target\":{\"@type\":\"EntryPoint\",\"urlTemplate\":\"https:\/\/www.mqeurope.com\/?s={search_term_string}\"},\"query-input\":{\"@type\":\"PropertyValueSpecification\",\"valueRequired\":true,\"valueName\":\"search_term_string\"}}],\"inLanguage\":\"nl-NL\"},{\"@type\":\"Organization\",\"@id\":\"https:\/\/www.mqeurope.com\/#organization\",\"name\":\"MQ Europe\",\"url\":\"https:\/\/www.mqeurope.com\/\",\"logo\":{\"@type\":\"ImageObject\",\"inLanguage\":\"nl-NL\",\"@id\":\"https:\/\/www.mqeurope.com\/#\/schema\/logo\/image\/\",\"url\":\"https:\/\/www.mqeurope.com\/wp-content\/uploads\/2016\/02\/cropped-copy-logob.png\",\"contentUrl\":\"https:\/\/www.mqeurope.com\/wp-content\/uploads\/2016\/02\/cropped-copy-logob.png\",\"width\":325,\"height\":100,\"caption\":\"MQ Europe\"},\"image\":{\"@id\":\"https:\/\/www.mqeurope.com\/#\/schema\/logo\/image\/\"}}]}<\/script>\n<!-- \/ Yoast SEO plugin. -->","yoast_head_json":{"title":"MQ Industri\u00eble Fiberlaser - MQ Europe","robots":{"index":"index","follow":"follow","max-snippet":"max-snippet:-1","max-image-preview":"max-image-preview:large","max-video-preview":"max-video-preview:-1"},"canonical":"http:\/\/fabways.eu\/product\/metaquip-industriele-fiberlaser\/","og_locale":"nl_NL","og_type":"article","og_title":"MQ Industri\u00eble Fiberlaser - MQ Europe","og_url":"http:\/\/fabways.eu\/product\/metaquip-industriele-fiberlaser\/","og_site_name":"MQ Europe","article_modified_time":"2018-01-16T12:19:38+00:00","og_image":[{"width":800,"height":800,"url":"https:\/\/www.mqeurope.com\/wp-content\/uploads\/2017\/10\/fiber-laser-industrial.jpg","type":"image\/jpeg"}],"twitter_card":"summary_large_image","twitter_misc":{"Est. reading time":"1 minute"},"schema":{"@context":"https:\/\/schema.org","@graph":[{"@type":"WebPage","@id":"https:\/\/www.mqeurope.com\/product\/metaquip-industriele-fiberlaser\/","url":"http:\/\/fabways.eu\/product\/metaquip-industriele-fiberlaser\/","name":"MQ Industri\u00eble Fiberlaser - MQ Europe","isPartOf":{"@id":"https:\/\/www.mqeurope.com\/#website"},"primaryImageOfPage":{"@id":"http:\/\/fabways.eu\/product\/metaquip-industriele-fiberlaser\/#primaryimage"},"image":{"@id":"http:\/\/fabways.eu\/product\/metaquip-industriele-fiberlaser\/#primaryimage"},"thumbnailUrl":"https:\/\/www.mqeurope.com\/wp-content\/uploads\/2017\/10\/fiber-laser-industrial.jpg","datePublished":"2017-10-23T16:02:53+00:00","dateModified":"2018-01-16T12:19:38+00:00","breadcrumb":{"@id":"http:\/\/fabways.eu\/product\/metaquip-industriele-fiberlaser\/#breadcrumb"},"inLanguage":"nl-NL","potentialAction":[{"@type":"ReadAction","target":["http:\/\/fabways.eu\/product\/metaquip-industriele-fiberlaser\/"]}]},{"@type":"ImageObject","inLanguage":"nl-NL","@id":"http:\/\/fabways.eu\/product\/metaquip-industriele-fiberlaser\/#primaryimage","url":"https:\/\/www.mqeurope.com\/wp-content\/uploads\/2017\/10\/fiber-laser-industrial.jpg","contentUrl":"https:\/\/www.mqeurope.com\/wp-content\/uploads\/2017\/10\/fiber-laser-industrial.jpg","width":800,"height":800},{"@type":"BreadcrumbList","@id":"http:\/\/fabways.eu\/product\/metaquip-industriele-fiberlaser\/#breadcrumb","itemListElement":[{"@type":"ListItem","position":1,"name":"Home","item":"https:\/\/www.mqeurope.com\/"},{"@type":"ListItem","position":2,"name":"Shop","item":"https:\/\/www.mqeurope.com\/store\/"},{"@type":"ListItem","position":3,"name":"MQ Industrial Fiberlaser"}]},{"@type":"WebSite","@id":"https:\/\/www.mqeurope.com\/#website","url":"https:\/\/www.mqeurope.com\/","name":"MQ Europe","description":"","publisher":{"@id":"https:\/\/www.mqeurope.com\/#organization"},"potentialAction":[{"@type":"SearchAction","target":{"@type":"EntryPoint","urlTemplate":"https:\/\/www.mqeurope.com\/?s={search_term_string}"},"query-input":{"@type":"PropertyValueSpecification","valueRequired":true,"valueName":"search_term_string"}}],"inLanguage":"nl-NL"},{"@type":"Organization","@id":"https:\/\/www.mqeurope.com\/#organization","name":"MQ Europe","url":"https:\/\/www.mqeurope.com\/","logo":{"@type":"ImageObject","inLanguage":"nl-NL","@id":"https:\/\/www.mqeurope.com\/#\/schema\/logo\/image\/","url":"https:\/\/www.mqeurope.com\/wp-content\/uploads\/2016\/02\/cropped-copy-logob.png","contentUrl":"https:\/\/www.mqeurope.com\/wp-content\/uploads\/2016\/02\/cropped-copy-logob.png","width":325,"height":100,"caption":"MQ Europe"},"image":{"@id":"https:\/\/www.mqeurope.com\/#\/schema\/logo\/image\/"}}]}},"_links":{"self":[{"href":"https:\/\/www.mqeurope.com\/nl\/wp-json\/wp\/v2\/product\/1278","targetHints":{"allow":["GET"]}}],"collection":[{"href":"https:\/\/www.mqeurope.com\/nl\/wp-json\/wp\/v2\/product"}],"about":[{"href":"https:\/\/www.mqeurope.com\/nl\/wp-json\/wp\/v2\/types\/product"}],"wp:featuredmedia":[{"embeddable":true,"href":"https:\/\/www.mqeurope.com\/nl\/wp-json\/wp\/v2\/media\/1505"}],"wp:attachment":[{"href":"https:\/\/www.mqeurope.com\/nl\/wp-json\/wp\/v2\/media?parent=1278"}],"wp:term":[{"taxonomy":"product_brand","embeddable":true,"href":"https:\/\/www.mqeurope.com\/nl\/wp-json\/wp\/v2\/product_brand?post=1278"},{"taxonomy":"product_cat","embeddable":true,"href":"https:\/\/www.mqeurope.com\/nl\/wp-json\/wp\/v2\/product_cat?post=1278"},{"taxonomy":"product_tag","embeddable":true,"href":"https:\/\/www.mqeurope.com\/nl\/wp-json\/wp\/v2\/product_tag?post=1278"}],"curies":[{"name":"wp","href":"https:\/\/api.w.org\/{rel}","templated":true}]}}